{"id":952,"date":"2025-04-17T13:40:15","date_gmt":"2025-04-17T11:40:15","guid":{"rendered":"https:\/\/spedytor.u349765.stronazen.pl\/?page_id=952"},"modified":"2025-06-15T17:22:06","modified_gmt":"2025-06-15T15:22:06","slug":"o-nas","status":"publish","type":"page","link":"https:\/\/spedytorwruchu.pl\/ua\/o-nas\/","title":{"rendered":"\u041f\u0440\u043e \u043d\u0430\u0441"},"content":{"rendered":"<div data-elementor-type=\"wp-page\" data-elementor-id=\"952\" class=\"elementor elementor-952\" data-elementor-post-type=\"page\">\n\t\t\t\t<div class=\"elementor-element elementor-element-507ff32 e-flex e-con-boxed e-con e-parent\" data-id=\"507ff32\" data-element_type=\"container\">\n\t\t\t\t\t<div class=\"e-con-inner\">\n\t\t\t\t<div class=\"elementor-element elementor-element-598df8c elementor-widget elementor-widget-spacer\" data-id=\"598df8c\" data-element_type=\"widget\" data-widget_type=\"spacer.default\">\n\t\t\t\t<div class=\"elementor-widget-container\">\n\t\t\t\t\t\t\t<div class=\"elementor-spacer\">\n\t\t\t<div class=\"elementor-spacer-inner\"><\/div>\n\t\t<\/div>\n\t\t\t\t\t\t<\/div>\n\t\t\t\t<\/div>\n\t\t\t\t\t<\/div>\n\t\t\t\t<\/div>\n\t\t<div class=\"elementor-element elementor-element-34ab37a e-flex e-con-boxed e-con e-parent\" data-id=\"34ab37a\" data-element_type=\"container\">\n\t\t\t\t\t<div class=\"e-con-inner\">\n\t\t\t\t<div class=\"elementor-element elementor-element-4f70ede elementor-widget elementor-widget-text-editor\" data-id=\"4f70ede\" data-element_type=\"widget\" data-widget_type=\"text-editor.default\">\n\t\t\t\t<div class=\"elementor-widget-container\">\n\t\t\t\t\t\t\t\t\t<p class=\"p1\">\u042f\u043a \u0431\u0440\u0435\u043d\u0434 Spedytor w Ruchu, \u043c\u0438 \u0432\u0456\u0440\u0438\u043c\u043e, \u0449\u043e \u0435\u0444\u0435\u043a\u0442\u0438\u0432\u043d\u0430 \u043e\u0441\u0432\u0456\u0442\u0430 \u0432 \u0433\u0430\u043b\u0443\u0437\u0456 TSL \u2013 \u0446\u0435 \u043f\u043e\u0454\u0434\u043d\u0430\u043d\u043d\u044f \u043c\u0456\u0446\u043d\u0438\u0445 \u0442\u0435\u043e\u0440\u0435\u0442\u0438\u0447\u043d\u0438\u0445 \u043e\u0441\u043d\u043e\u0432 \u0437 \u043f\u0440\u0430\u043a\u0442\u0438\u043a\u043e\u044e, \u0437\u0430\u0441\u043d\u043e\u0432\u0430\u043d\u043e\u044e \u043d\u0430 \u0441\u0443\u0447\u0430\u0441\u043d\u0438\u0445 \u0440\u0435\u0430\u043b\u0456\u044f\u0445 \u0440\u0438\u043d\u043a\u0443. \u041d\u0430\u0448\u0430 \u043c\u0456\u0441\u0456\u044f \u043f\u043e\u043b\u044f\u0433\u0430\u0454 \u0432 \u043f\u0456\u0434\u0433\u043e\u0442\u043e\u0432\u0446\u0456 \u044f\u043a \u043f\u043e\u0447\u0430\u0442\u043a\u0456\u0432\u0446\u0456\u0432, \u0442\u0430\u043a \u0456 \u0434\u043e\u0441\u0432\u0456\u0434\u0447\u0435\u043d\u0438\u0445 \u043f\u0440\u0430\u0446\u0456\u0432\u043d\u0438\u043a\u0456\u0432 \u0442\u0440\u0430\u043d\u0441\u043f\u043e\u0440\u0442\u0443 \u0434\u043e \u0449\u043e\u0434\u0435\u043d\u043d\u0438\u0445 \u0432\u0438\u043a\u043b\u0438\u043a\u0456\u0432 \u2013 \u0443 \u043a\u043e\u043d\u043a\u0440\u0435\u0442\u043d\u0438\u0439, \u0437\u0440\u043e\u0437\u0443\u043c\u0456\u043b\u0438\u0439 \u0442\u0430 \u043e\u0440\u0456\u0454\u043d\u0442\u043e\u0432\u0430\u043d\u0438\u0439 \u043d\u0430 \u0440\u0435\u0437\u0443\u043b\u044c\u0442\u0430\u0442 \u0441\u043f\u043e\u0441\u0456\u0431.<\/p><p class=\"p1\">\u041c\u0438 \u0441\u0442\u0432\u043e\u0440\u044e\u0454\u043c\u043e \u043e\u0441\u0432\u0456\u0442\u043d\u0456 \u043f\u0440\u043e\u0435\u043a\u0442\u0438, \u044f\u043a\u0456 \u043d\u0430\u0432\u0447\u0430\u044e\u0442\u044c \u0442\u043e\u0433\u043e, \u0449\u043e \u0434\u0456\u0439\u0441\u043d\u043e \u043f\u0440\u0430\u0446\u044e\u0454. \u041c\u0438 \u043f\u043e\u0454\u0434\u043d\u0443\u0454\u043c\u043e \u0437\u043d\u0430\u043d\u043d\u044f \u0437 \u043f\u0440\u0430\u043a\u0442\u0438\u043a\u043e\u044e, \u0449\u043e\u0431 \u0434\u043e\u043f\u043e\u043c\u043e\u0433\u0442\u0438 \u0432\u0430\u043c \u0434\u043e\u0441\u044f\u0433\u0442\u0438 \u043d\u0430\u0439\u043a\u0440\u0430\u0449\u0438\u0445 \u0440\u0435\u0437\u0443\u043b\u044c\u0442\u0430\u0442\u0456\u0432 \u2013 \u043d\u0435\u0437\u0430\u043b\u0435\u0436\u043d\u043e \u0432\u0456\u0434 \u0442\u043e\u0433\u043e, \u0447\u0438 \u0432\u0438 \u0442\u0456\u043b\u044c\u043a\u0438 \u043f\u043e\u0447\u0438\u043d\u0430\u0454\u0442\u0435, \u0447\u0438 \u0432\u0436\u0435 \u043f\u0440\u0430\u0446\u044e\u0454\u0442\u0435 \u0432 \u0433\u0430\u043b\u0443\u0437\u0456 \u0456 \u0445\u043e\u0447\u0435\u0442\u0435 \u0440\u043e\u0437\u0432\u0438\u0432\u0430\u0442\u0438 \u0441\u0432\u043e\u0457 \u043a\u043e\u043c\u043f\u0435\u0442\u0435\u043d\u0446\u0456\u0457.<\/p>\t\t\t\t\t\t\t\t<\/div>\n\t\t\t\t<\/div>\n\t\t\t\t<div class=\"elementor-element elementor-element-223ea18 elementor-widget__width-initial elementor-widget elementor-widget-image\" data-id=\"223ea18\" data-element_type=\"widget\" data-widget_type=\"image.default\">\n\t\t\t\t<div class=\"elementor-widget-container\">\n\t\t\t\t\t\t\t\t\t\t\t\t\t\t\t<img fetchpriority=\"high\" decoding=\"async\" width=\"1536\" height=\"1024\" src=\"https:\/\/spedytorwruchu.pl\/wp-content\/uploads\/2025\/04\/O-Nas-min.png\" class=\"attachment-full size-full wp-image-954\" alt=\"\" srcset=\"https:\/\/spedytorwruchu.pl\/wp-content\/uploads\/2025\/04\/O-Nas-min.png 1536w, https:\/\/spedytorwruchu.pl\/wp-content\/uploads\/2025\/04\/O-Nas-min-600x400.png 600w, https:\/\/spedytorwruchu.pl\/wp-content\/uploads\/2025\/04\/O-Nas-min-300x200.png 300w, https:\/\/spedytorwruchu.pl\/wp-content\/uploads\/2025\/04\/O-Nas-min-1024x683.png 1024w, https:\/\/spedytorwruchu.pl\/wp-content\/uploads\/2025\/04\/O-Nas-min-768x512.png 768w\" sizes=\"(max-width: 1536px) 100vw, 1536px\" \/>\t\t\t\t\t\t\t\t\t\t\t\t\t\t\t<\/div>\n\t\t\t\t<\/div>\n\t\t\t\t\t<\/div>\n\t\t\t\t<\/div>\n\t\t<div class=\"elementor-element elementor-element-e0f0073 e-flex e-con-boxed e-con e-parent\" data-id=\"e0f0073\" data-element_type=\"container\">\n\t\t\t\t\t<div class=\"e-con-inner\">\n\t\t\t\t<div class=\"elementor-element elementor-element-4e457c5 elementor-widget elementor-widget-text-editor\" data-id=\"4e457c5\" data-element_type=\"widget\" data-widget_type=\"text-editor.default\">\n\t\t\t\t<div class=\"elementor-widget-container\">\n\t\t\t\t\t\t\t\t\t<p class=\"p1\">\u041d\u0430\u0448 \u043f\u0435\u0440\u0441\u043e\u043d\u0430\u043b \u0441\u043a\u043b\u0430\u0434\u0430\u0454\u0442\u044c\u0441\u044f \u0437 \u0444\u0430\u0445\u0456\u0432\u0446\u0456\u0432, \u044f\u043a\u0456 \u0432\u0436\u0435 \u0431\u0430\u0433\u0430\u0442\u043e \u0440\u043e\u043a\u0456\u0432 \u043f\u0440\u0430\u0446\u044e\u044e\u0442\u044c \u0443 \u0446\u0456\u0439 \u0433\u0430\u043b\u0443\u0437\u0456 \u0456 \u0449\u043e\u0434\u043d\u044f \u0441\u0442\u0438\u043a\u0430\u044e\u0442\u044c\u0441\u044f \u0437 \u0442\u0438\u043c\u0438 \u0441\u0430\u043c\u0438\u043c\u0438 \u0432\u0438\u043a\u043b\u0438\u043a\u0430\u043c\u0438, \u0449\u043e \u0439 \u043d\u0430\u0448\u0456 \u0441\u043b\u0443\u0445\u0430\u0447\u0456. \u0417\u0430\u0432\u0434\u044f\u043a\u0438 \u0446\u044c\u043e\u043c\u0443 \u0432\u0438 \u043c\u043e\u0436\u0435\u0442\u0435 \u0431\u0443\u0442\u0438 \u0432\u043f\u0435\u0432\u043d\u0435\u043d\u0456, \u0449\u043e \u043d\u0430\u0432\u0447\u0430\u0454\u0442\u0435\u0441\u044f \u0443 \u043b\u044e\u0434\u0435\u0439, \u044f\u043a\u0456 \u0434\u0456\u0439\u0441\u043d\u043e \u0437\u043d\u0430\u044e\u0442\u044c \u0441\u0432\u043e\u044e \u0441\u043f\u0440\u0430\u0432\u0443 \u0456 \u043f\u0435\u0440\u0435\u0434\u0430\u044e\u0442\u044c \u0437\u043d\u0430\u043d\u043d\u044f \u043d\u0430 \u043d\u0430\u0439\u0432\u0438\u0449\u043e\u043c\u0443 \u0440\u0456\u0432\u043d\u0456.<\/p><p class=\"p1\">\u041f\u0440\u043e\u043f\u043e\u0437\u0438\u0446\u0456\u044f Spedytor w Ruchu \u0441\u043f\u0440\u044f\u043c\u043e\u0432\u0430\u043d\u0430 \u044f\u043a \u043d\u0430 \u043f\u0440\u0438\u0432\u0430\u0442\u043d\u0438\u0445 \u043e\u0441\u0456\u0431, \u044f\u043a\u0456 \u0445\u043e\u0447\u0443\u0442\u044c \u0440\u043e\u0437\u043f\u043e\u0447\u0430\u0442\u0438 \u043a\u0430\u0440'\u0454\u0440\u0443 \u0432 \u0433\u0430\u043b\u0443\u0437\u0456 \u0442\u0440\u0430\u043d\u0441\u043f\u043e\u0440\u0442\u0443 \u0430\u0431\u043e \u043d\u0430\u0431\u0443\u0442\u0438 \u043d\u043e\u0432\u0438\u0445 \u043d\u0430\u0432\u0438\u0447\u043e\u043a, \u0442\u0430\u043a \u0456 \u043d\u0430 \u043a\u043e\u043c\u043f\u0430\u043d\u0456\u0457, \u044f\u043a\u0456 \u043f\u0440\u0430\u0433\u043d\u0443\u0442\u044c \u0440\u043e\u0437\u0432\u0438\u0432\u0430\u0442\u0438 \u043a\u043e\u043c\u043f\u0435\u0442\u0435\u043d\u0446\u0456\u0457 \u0441\u0432\u043e\u0457\u0445 \u043a\u043e\u043c\u0430\u043d\u0434 \u043f\u0435\u0440\u0435\u0432\u0456\u0440\u0435\u043d\u0438\u043c, \u0441\u0443\u0447\u0430\u0441\u043d\u0438\u043c \u0442\u0430 \u0435\u0444\u0435\u043a\u0442\u0438\u0432\u043d\u0438\u043c \u0441\u043f\u043e\u0441\u043e\u0431\u043e\u043c.<\/p>\t\t\t\t\t\t\t\t<\/div>\n\t\t\t\t<\/div>\n\t\t\t\t<div class=\"elementor-element elementor-element-fdfdb5b elementor-widget elementor-widget-heading\" data-id=\"fdfdb5b\" data-element_type=\"widget\" data-widget_type=\"heading.default\">\n\t\t\t\t<div class=\"elementor-widget-container\">\n\t\t\t\t\t<h1 class=\"elementor-heading-title elementor-size-default\">\u042f\u043a\u0449\u043e \u0432\u0438 \u0448\u0443\u043a\u0430\u0454\u0442\u0435 \u043f\u0440\u0430\u043a\u0442\u0438\u0447\u043d\u0438\u0439 \u043f\u0456\u0434\u0445\u0456\u0434 \u0456 \u0440\u0435\u0430\u043b\u044c\u043d\u0438\u0439 \u0440\u043e\u0437\u0432\u0438\u0442\u043e\u043a \u2013 \u0432\u0438 \u0432 \u043f\u0440\u0430\u0432\u0438\u043b\u044c\u043d\u043e\u043c\u0443 \u043c\u0456\u0441\u0446\u0456!<\/h1>\t\t\t\t<\/div>\n\t\t\t\t<\/div>\n\t\t\t\t<div class=\"elementor-element elementor-element-e474029 elementor-widget elementor-widget-spacer\" data-id=\"e474029\" data-element_type=\"widget\" data-widget_type=\"spacer.default\">\n\t\t\t\t<div class=\"elementor-widget-container\">\n\t\t\t\t\t\t\t<div class=\"elementor-spacer\">\n\t\t\t<div class=\"elementor-spacer-inner\"><\/div>\n\t\t<\/div>\n\t\t\t\t\t\t<\/div>\n\t\t\t\t<\/div>\n\t\t\t\t\t<\/div>\n\t\t\t\t<\/div>\n\t\t\t\t<\/div>","protected":false},"excerpt":{"rendered":"<p>Jako marka Spedytor w Ruchu wierzymy, \u017ce skuteczna edukacja w bran\u017cy TSL to po\u0142\u0105czenie solidnych podstaw teoretycznych z praktyk\u0105 opart\u0105 na aktualnych realiach rynku. Nasz\u0105 misj\u0105 jest przygotowanie zar\u00f3wno pocz\u0105tkuj\u0105cych, jak i do\u015bwiadczonych pracownik\u00f3w transportu do codziennych wyzwa\u0144 \u2013 w spos\u00f3b konkretny, zrozumia\u0142y i nastawiony na efekty. Tworzymy projekty edukacyjne, kt\u00f3re ucz\u0105 tego, co naprawd\u0119 [&hellip;]<\/p>","protected":false},"author":1,"featured_media":0,"parent":0,"menu_order":0,"comment_status":"closed","ping_status":"closed","template":"","meta":{"footnotes":""},"class_list":["post-952","page","type-page","status-publish","hentry"],"yoast_head":"<!-- This site is optimized with the Yoast SEO plugin v26.4 - https:\/\/yoast.com\/wordpress\/plugins\/seo\/ -->\n<title>O nas - Spedytor w ruchu<\/title>\n<meta name=\"robots\" content=\"index, follow, max-snippet:-1, max-image-preview:large, max-video-preview:-1\" \/>\n<link rel=\"canonical\" href=\"https:\/\/spedytorwruchu.pl\/ua\/o-nas\/\" \/>\n<meta property=\"og:locale\" content=\"uk_UA\" \/>\n<meta property=\"og:type\" content=\"article\" \/>\n<meta property=\"og:title\" content=\"O nas - Spedytor w ruchu\" \/>\n<meta property=\"og:description\" content=\"Jako marka Spedytor w Ruchu wierzymy, \u017ce skuteczna edukacja w bran\u017cy TSL to po\u0142\u0105czenie solidnych podstaw teoretycznych z praktyk\u0105 opart\u0105 na aktualnych realiach rynku. Nasz\u0105 misj\u0105 jest przygotowanie zar\u00f3wno pocz\u0105tkuj\u0105cych, jak i do\u015bwiadczonych pracownik\u00f3w transportu do codziennych wyzwa\u0144 \u2013 w spos\u00f3b konkretny, zrozumia\u0142y i nastawiony na efekty. Tworzymy projekty edukacyjne, kt\u00f3re ucz\u0105 tego, co naprawd\u0119 [&hellip;]\" \/>\n<meta property=\"og:url\" content=\"https:\/\/spedytorwruchu.pl\/ua\/o-nas\/\" \/>\n<meta property=\"og:site_name\" content=\"Spedytor w ruchu\" \/>\n<meta property=\"article:modified_time\" content=\"2025-06-15T15:22:06+00:00\" \/>\n<meta property=\"og:image\" content=\"https:\/\/spedytorwruchu.pl\/wp-content\/uploads\/2025\/04\/O-Nas-min.png\" \/>\n<meta name=\"twitter:card\" content=\"summary_large_image\" \/>\n<meta name=\"twitter:label1\" content=\"\u041f\u0440\u0438\u0431\u043b. \u0447\u0430\u0441 \u0447\u0438\u0442\u0430\u043d\u043d\u044f\" \/>\n\t<meta name=\"twitter:data1\" content=\"1 \u0445\u0432\u0438\u043b\u0438\u043d\u0430\" \/>\n<script type=\"application\/ld+json\" class=\"yoast-schema-graph\">{\"@context\":\"https:\/\/schema.org\",\"@graph\":[{\"@type\":\"WebPage\",\"@id\":\"https:\/\/spedytorwruchu.pl\/o-nas\/\",\"url\":\"https:\/\/spedytorwruchu.pl\/o-nas\/\",\"name\":\"O nas - Spedytor w ruchu\",\"isPartOf\":{\"@id\":\"https:\/\/spedytorwruchu.pl\/#website\"},\"primaryImageOfPage\":{\"@id\":\"https:\/\/spedytorwruchu.pl\/o-nas\/#primaryimage\"},\"image\":{\"@id\":\"https:\/\/spedytorwruchu.pl\/o-nas\/#primaryimage\"},\"thumbnailUrl\":\"https:\/\/spedytorwruchu.pl\/wp-content\/uploads\/2025\/04\/O-Nas-min.png\",\"datePublished\":\"2025-04-17T11:40:15+00:00\",\"dateModified\":\"2025-06-15T15:22:06+00:00\",\"breadcrumb\":{\"@id\":\"https:\/\/spedytorwruchu.pl\/o-nas\/#breadcrumb\"},\"inLanguage\":\"uk\",\"potentialAction\":[{\"@type\":\"ReadAction\",\"target\":[\"https:\/\/spedytorwruchu.pl\/o-nas\/\"]}]},{\"@type\":\"ImageObject\",\"inLanguage\":\"uk\",\"@id\":\"https:\/\/spedytorwruchu.pl\/o-nas\/#primaryimage\",\"url\":\"https:\/\/spedytorwruchu.pl\/wp-content\/uploads\/2025\/04\/O-Nas-min.png\",\"contentUrl\":\"https:\/\/spedytorwruchu.pl\/wp-content\/uploads\/2025\/04\/O-Nas-min.png\"},{\"@type\":\"BreadcrumbList\",\"@id\":\"https:\/\/spedytorwruchu.pl\/o-nas\/#breadcrumb\",\"itemListElement\":[{\"@type\":\"ListItem\",\"position\":1,\"name\":\"Strona g\u0142\u00f3wna\",\"item\":\"https:\/\/spedytorwruchu.pl\/\"},{\"@type\":\"ListItem\",\"position\":2,\"name\":\"O nas\"}]},{\"@type\":\"WebSite\",\"@id\":\"https:\/\/spedytorwruchu.pl\/#website\",\"url\":\"https:\/\/spedytorwruchu.pl\/\",\"name\":\"Spedytor w ruchu\",\"description\":\"\",\"publisher\":{\"@id\":\"https:\/\/spedytorwruchu.pl\/#organization\"},\"potentialAction\":[{\"@type\":\"SearchAction\",\"target\":{\"@type\":\"EntryPoint\",\"urlTemplate\":\"https:\/\/spedytorwruchu.pl\/?s={search_term_string}\"},\"query-input\":{\"@type\":\"PropertyValueSpecification\",\"valueRequired\":true,\"valueName\":\"search_term_string\"}}],\"inLanguage\":\"uk\"},{\"@type\":\"Organization\",\"@id\":\"https:\/\/spedytorwruchu.pl\/#organization\",\"name\":\"Spedytor w ruchu\",\"url\":\"https:\/\/spedytorwruchu.pl\/\",\"logo\":{\"@type\":\"ImageObject\",\"inLanguage\":\"uk\",\"@id\":\"https:\/\/spedytorwruchu.pl\/#\/schema\/logo\/image\/\",\"url\":\"https:\/\/spedytorwruchu.pl\/wp-content\/uploads\/2025\/04\/logo-pn-1.png\",\"contentUrl\":\"https:\/\/spedytorwruchu.pl\/wp-content\/uploads\/2025\/04\/logo-pn-1.png\",\"width\":1280,\"height\":1280,\"caption\":\"Spedytor w ruchu\"},\"image\":{\"@id\":\"https:\/\/spedytorwruchu.pl\/#\/schema\/logo\/image\/\"}}]}<\/script>\n<!-- \/ Yoast SEO plugin. -->","yoast_head_json":{"title":"O nas - Spedytor w ruchu","robots":{"index":"index","follow":"follow","max-snippet":"max-snippet:-1","max-image-preview":"max-image-preview:large","max-video-preview":"max-video-preview:-1"},"canonical":"https:\/\/spedytorwruchu.pl\/ua\/o-nas\/","og_locale":"uk_UA","og_type":"article","og_title":"O nas - Spedytor w ruchu","og_description":"Jako marka Spedytor w Ruchu wierzymy, \u017ce skuteczna edukacja w bran\u017cy TSL to po\u0142\u0105czenie solidnych podstaw teoretycznych z praktyk\u0105 opart\u0105 na aktualnych realiach rynku. Nasz\u0105 misj\u0105 jest przygotowanie zar\u00f3wno pocz\u0105tkuj\u0105cych, jak i do\u015bwiadczonych pracownik\u00f3w transportu do codziennych wyzwa\u0144 \u2013 w spos\u00f3b konkretny, zrozumia\u0142y i nastawiony na efekty. Tworzymy projekty edukacyjne, kt\u00f3re ucz\u0105 tego, co naprawd\u0119 [&hellip;]","og_url":"https:\/\/spedytorwruchu.pl\/ua\/o-nas\/","og_site_name":"Spedytor w ruchu","article_modified_time":"2025-06-15T15:22:06+00:00","og_image":[{"url":"https:\/\/spedytorwruchu.pl\/wp-content\/uploads\/2025\/04\/O-Nas-min.png","type":"","width":"","height":""}],"twitter_card":"summary_large_image","twitter_misc":{"\u041f\u0440\u0438\u0431\u043b. \u0447\u0430\u0441 \u0447\u0438\u0442\u0430\u043d\u043d\u044f":"1 \u0445\u0432\u0438\u043b\u0438\u043d\u0430"},"schema":{"@context":"https:\/\/schema.org","@graph":[{"@type":"WebPage","@id":"https:\/\/spedytorwruchu.pl\/o-nas\/","url":"https:\/\/spedytorwruchu.pl\/o-nas\/","name":"O nas - Spedytor w ruchu","isPartOf":{"@id":"https:\/\/spedytorwruchu.pl\/#website"},"primaryImageOfPage":{"@id":"https:\/\/spedytorwruchu.pl\/o-nas\/#primaryimage"},"image":{"@id":"https:\/\/spedytorwruchu.pl\/o-nas\/#primaryimage"},"thumbnailUrl":"https:\/\/spedytorwruchu.pl\/wp-content\/uploads\/2025\/04\/O-Nas-min.png","datePublished":"2025-04-17T11:40:15+00:00","dateModified":"2025-06-15T15:22:06+00:00","breadcrumb":{"@id":"https:\/\/spedytorwruchu.pl\/o-nas\/#breadcrumb"},"inLanguage":"uk","potentialAction":[{"@type":"ReadAction","target":["https:\/\/spedytorwruchu.pl\/o-nas\/"]}]},{"@type":"ImageObject","inLanguage":"uk","@id":"https:\/\/spedytorwruchu.pl\/o-nas\/#primaryimage","url":"https:\/\/spedytorwruchu.pl\/wp-content\/uploads\/2025\/04\/O-Nas-min.png","contentUrl":"https:\/\/spedytorwruchu.pl\/wp-content\/uploads\/2025\/04\/O-Nas-min.png"},{"@type":"BreadcrumbList","@id":"https:\/\/spedytorwruchu.pl\/o-nas\/#breadcrumb","itemListElement":[{"@type":"ListItem","position":1,"name":"Strona g\u0142\u00f3wna","item":"https:\/\/spedytorwruchu.pl\/"},{"@type":"ListItem","position":2,"name":"O nas"}]},{"@type":"WebSite","@id":"https:\/\/spedytorwruchu.pl\/#website","url":"https:\/\/spedytorwruchu.pl\/","name":"Spedytor w ruchu","description":"","publisher":{"@id":"https:\/\/spedytorwruchu.pl\/#organization"},"potentialAction":[{"@type":"SearchAction","target":{"@type":"EntryPoint","urlTemplate":"https:\/\/spedytorwruchu.pl\/?s={search_term_string}"},"query-input":{"@type":"PropertyValueSpecification","valueRequired":true,"valueName":"search_term_string"}}],"inLanguage":"uk"},{"@type":"Organization","@id":"https:\/\/spedytorwruchu.pl\/#organization","name":"Spedytor w ruchu","url":"https:\/\/spedytorwruchu.pl\/","logo":{"@type":"ImageObject","inLanguage":"uk","@id":"https:\/\/spedytorwruchu.pl\/#\/schema\/logo\/image\/","url":"https:\/\/spedytorwruchu.pl\/wp-content\/uploads\/2025\/04\/logo-pn-1.png","contentUrl":"https:\/\/spedytorwruchu.pl\/wp-content\/uploads\/2025\/04\/logo-pn-1.png","width":1280,"height":1280,"caption":"Spedytor w ruchu"},"image":{"@id":"https:\/\/spedytorwruchu.pl\/#\/schema\/logo\/image\/"}}]}},"_links":{"self":[{"href":"https:\/\/spedytorwruchu.pl\/ua\/wp-json\/wp\/v2\/pages\/952","targetHints":{"allow":["GET"]}}],"collection":[{"href":"https:\/\/spedytorwruchu.pl\/ua\/wp-json\/wp\/v2\/pages"}],"about":[{"href":"https:\/\/spedytorwruchu.pl\/ua\/wp-json\/wp\/v2\/types\/page"}],"author":[{"embeddable":true,"href":"https:\/\/spedytorwruchu.pl\/ua\/wp-json\/wp\/v2\/users\/1"}],"replies":[{"embeddable":true,"href":"https:\/\/spedytorwruchu.pl\/ua\/wp-json\/wp\/v2\/comments?post=952"}],"version-history":[{"count":25,"href":"https:\/\/spedytorwruchu.pl\/ua\/wp-json\/wp\/v2\/pages\/952\/revisions"}],"predecessor-version":[{"id":1554,"href":"https:\/\/spedytorwruchu.pl\/ua\/wp-json\/wp\/v2\/pages\/952\/revisions\/1554"}],"wp:attachment":[{"href":"https:\/\/spedytorwruchu.pl\/ua\/wp-json\/wp\/v2\/media?parent=952"}],"curies":[{"name":"wp","href":"https:\/\/api.w.org\/{rel}","templated":true}]}}