{"id":1804,"date":"2025-06-24T22:16:31","date_gmt":"2025-06-24T20:16:31","guid":{"rendered":"https:\/\/spedytor.u349765.stronazen.pl\/?page_id=1804"},"modified":"2026-03-02T21:09:14","modified_gmt":"2026-03-02T20:09:14","slug":"poznaj-nasz-zespol","status":"publish","type":"page","link":"https:\/\/spedytorwruchu.pl\/ua\/poznaj-nasz-zespol\/","title":{"rendered":"\u041f\u043e\u0437\u043d\u0430\u0439\u043e\u043c\u0442\u0435\u0441\u044f \u0437 \u043d\u0430\u0448\u043e\u044e \u043a\u043e\u043c\u0430\u043d\u0434\u043e\u044e"},"content":{"rendered":"<div data-elementor-type=\"wp-page\" data-elementor-id=\"1804\" class=\"elementor elementor-1804\" data-elementor-post-type=\"page\">\n\t\t\t\t<div class=\"elementor-element elementor-element-786bca2 e-flex e-con-boxed e-con e-parent\" data-id=\"786bca2\" data-element_type=\"container\">\n\t\t\t\t\t<div class=\"e-con-inner\">\n\t\t\t\t<div class=\"elementor-element elementor-element-1a73e3e elementor-widget elementor-widget-spacer\" data-id=\"1a73e3e\" data-element_type=\"widget\" data-widget_type=\"spacer.default\">\n\t\t\t\t<div class=\"elementor-widget-container\">\n\t\t\t\t\t\t\t<div class=\"elementor-spacer\">\n\t\t\t<div class=\"elementor-spacer-inner\"><\/div>\n\t\t<\/div>\n\t\t\t\t\t\t<\/div>\n\t\t\t\t<\/div>\n\t\t<div class=\"elementor-element elementor-element-e95ff75 e-con-full e-flex e-con e-child\" data-id=\"e95ff75\" data-element_type=\"container\">\n\t\t\t\t<div class=\"elementor-element elementor-element-31c4469 elementor-widget elementor-widget-heading\" data-id=\"31c4469\" data-element_type=\"widget\" data-widget_type=\"heading.default\">\n\t\t\t\t<div class=\"elementor-widget-container\">\n\t\t\t\t\t<h1 class=\"elementor-heading-title elementor-size-default\">\u041d\u0430\u0448\u0456 \u0442\u0440\u0435\u043d\u0435\u0440\u0438<\/h1>\t\t\t\t<\/div>\n\t\t\t\t<\/div>\n\t\t\t\t<div class=\"elementor-element elementor-element-6bba7ab elementor-widget elementor-widget-text-editor\" data-id=\"6bba7ab\" data-element_type=\"widget\" data-widget_type=\"text-editor.default\">\n\t\t\t\t<div class=\"elementor-widget-container\">\n\t\t\t\t\t\t\t\t\t<p><span style=\"font-weight: 400;\">\u0417\u0430 \u043a\u043e\u0436\u043d\u043e\u044e \u0445\u043e\u0440\u043e\u0448\u043e\u044e \u043e\u0441\u0432\u0456\u0442\u043e\u044e \u0441\u0442\u043e\u044f\u0442\u044c \u043b\u044e\u0434\u0438.<\/span><span style=\"font-weight: 400;\"> \u0423 Spedytor w Ruchu \u043c\u0438 \u0441\u0442\u0430\u0432\u0438\u043c\u043e \u043d\u0430 \u043f\u0440\u0430\u043a\u0442\u0438\u043a\u0456\u0432 \u2013 \u043b\u044e\u0434\u0435\u0439, \u044f\u043a\u0456 \u0437\u043d\u0430\u044e\u0442\u044c, \u043f\u0440\u043e \u0449\u043e \u0433\u043e\u0432\u043e\u0440\u044f\u0442\u044c, \u0431\u043e \u0441\u0430\u043c\u0456 \u0449\u043e\u0434\u043d\u044f \u043f\u0440\u0430\u0446\u044e\u044e\u0442\u044c \u0443 \u0441\u0444\u0435\u0440\u0456 \u0442\u0440\u0430\u043d\u0441\u043f\u043e\u0440\u0442\u0443, \u0435\u043a\u0441\u043f\u0435\u0434\u0438\u0446\u0456\u0457 \u0442\u0430 \u043b\u043e\u0433\u0456\u0441\u0442\u0438\u043a\u0438.<\/span><\/p>\t\t\t\t\t\t\t\t<\/div>\n\t\t\t\t<\/div>\n\t\t\t\t<div class=\"elementor-element elementor-element-c2e36f9 elementor-widget elementor-widget-text-editor\" data-id=\"c2e36f9\" data-element_type=\"widget\" data-widget_type=\"text-editor.default\">\n\t\t\t\t<div class=\"elementor-widget-container\">\n\t\t\t\t\t\t\t\t\t<p><span style=\"font-weight: 400;\">\u0426\u0435 \u043d\u0435 \u043f\u0440\u043e\u0441\u0442\u043e \u0442\u0440\u0435\u043d\u0435\u0440\u0438 \u2013 \u0446\u0435 <\/span><span style=\"font-weight: 400;\">\u0435\u043a\u0441\u043f\u0435\u0440\u0442\u0438 \u0437 \u0431\u0430\u0433\u0430\u0442\u043e\u0440\u0456\u0447\u043d\u0438\u043c \u0434\u043e\u0441\u0432\u0456\u0434\u043e\u043c<\/span><span style=\"font-weight: 400;\">, \u044f\u043a\u0456 \u0432\u043c\u0456\u044e\u0442\u044c \u043f\u0435\u0440\u0435\u0434\u0430\u0432\u0430\u0442\u0438 \u0437\u043d\u0430\u043d\u043d\u044f \u0443 \u043f\u0440\u043e\u0441\u0442\u0438\u0439, \u043a\u043e\u043d\u043a\u0440\u0435\u0442\u043d\u0438\u0439 \u0442\u0430 \u043e\u0440\u0456\u0454\u043d\u0442\u043e\u0432\u0430\u043d\u0438\u0439 \u043d\u0430 \u0440\u0435\u0437\u0443\u043b\u044c\u0442\u0430\u0442 \u0441\u043f\u043e\u0441\u0456\u0431.<\/span><\/p>\t\t\t\t\t\t\t\t<\/div>\n\t\t\t\t<\/div>\n\t\t\t\t<div class=\"elementor-element elementor-element-afdc32e elementor-widget elementor-widget-text-editor\" data-id=\"afdc32e\" data-element_type=\"widget\" data-widget_type=\"text-editor.default\">\n\t\t\t\t<div class=\"elementor-widget-container\">\n\t\t\t\t\t\t\t\t\t<p><span style=\"font-weight: 400;\">\u0417\u0430\u0432\u0434\u044f\u043a\u0438 \u0457\u043c \u043d\u0430\u0448\u0456 \u0442\u0440\u0435\u043d\u0456\u043d\u0433\u0438 \u043d\u0435 \u0432\u0456\u0434\u0456\u0440\u0432\u0430\u043d\u0456 \u0432\u0456\u0434 \u0440\u0435\u0430\u043b\u044c\u043d\u043e\u0441\u0442\u0456 \u2013 <\/span><span style=\"font-weight: 400;\">\u0454 \u0457\u0457 \u0432\u0456\u0434\u043e\u0431\u0440\u0430\u0436\u0435\u043d\u043d\u044f\u043c!<\/span><span style=\"font-weight: 400;\"><br \/><\/span><\/p>\t\t\t\t\t\t\t\t<\/div>\n\t\t\t\t<\/div>\n\t\t\t\t<div class=\"elementor-element elementor-element-d966cfb elementor-widget elementor-widget-heading\" data-id=\"d966cfb\" data-element_type=\"widget\" data-widget_type=\"heading.default\">\n\t\t\t\t<div class=\"elementor-widget-container\">\n\t\t\t\t\t<h3 class=\"elementor-heading-title elementor-size-default\">\n\u041f\u043e\u0437\u043d\u0430\u0439\u043e\u043c\u0442\u0435\u0441\u044f \u0437 \u0435\u043a\u0441\u043f\u0435\u0440\u0442\u0430\u043c\u0438, \u044f\u043a\u0456 \u0437 \u0435\u043d\u0442\u0443\u0437\u0456\u0430\u0437\u043c\u043e\u043c, \u0432\u0456\u0434\u0434\u0430\u043d\u0456\u0441\u0442\u044e \u0442\u0430 \u0432\u0435\u043b\u0438\u0447\u0435\u0437\u043d\u0438\u043c \u043f\u0440\u0430\u043a\u0442\u0438\u0447\u043d\u0438\u043c \u0434\u043e\u0441\u0432\u0456\u0434\u043e\u043c \u043f\u0440\u043e\u0432\u0435\u0434\u0443\u0442\u044c \u0432\u0430\u0441 \u0441\u0432\u0456\u0442\u043e\u043c TSL.<\/h3>\t\t\t\t<\/div>\n\t\t\t\t<\/div>\n\t\t\t\t<\/div>\n\t\t\t\t<div class=\"elementor-element elementor-element-a5e63b6 elementor-widget elementor-widget-spacer\" data-id=\"a5e63b6\" data-element_type=\"widget\" data-widget_type=\"spacer.default\">\n\t\t\t\t<div class=\"elementor-widget-container\">\n\t\t\t\t\t\t\t<div class=\"elementor-spacer\">\n\t\t\t<div class=\"elementor-spacer-inner\"><\/div>\n\t\t<\/div>\n\t\t\t\t\t\t<\/div>\n\t\t\t\t<\/div>\n\t\t\t\t\t<\/div>\n\t\t\t\t<\/div>\n\t\t<div class=\"elementor-element elementor-element-fe5d30a e-con-full e-flex e-con e-child\" data-id=\"fe5d30a\" data-element_type=\"container\">\n\t\t<div class=\"elementor-element elementor-element-63f9a0b e-grid e-con-full e-con e-child\" data-id=\"63f9a0b\" data-element_type=\"container\" data-settings=\"{&quot;background_background&quot;:&quot;classic&quot;}\">\n\t\t\t\t<div class=\"elementor-element elementor-element-01b0f04 elementor-position-top elementor-widget elementor-widget-image-box\" data-id=\"01b0f04\" data-element_type=\"widget\" data-widget_type=\"image-box.default\">\n\t\t\t\t<div class=\"elementor-widget-container\">\n\t\t\t\t\t<div class=\"elementor-image-box-wrapper\"><figure class=\"elementor-image-box-img\"><a href=\"https:\/\/spedytorwruchu.pl\/index.php\/trener-piotr\/\" tabindex=\"-1\"><img fetchpriority=\"high\" decoding=\"async\" width=\"1024\" height=\"1024\" src=\"https:\/\/spedytorwruchu.pl\/wp-content\/uploads\/2025\/04\/Piotr.jpeg\" class=\"attachment-full size-full wp-image-1382\" alt=\"\" srcset=\"https:\/\/spedytorwruchu.pl\/wp-content\/uploads\/2025\/04\/Piotr.jpeg 1024w, https:\/\/spedytorwruchu.pl\/wp-content\/uploads\/2025\/04\/Piotr-300x300.jpeg 300w, https:\/\/spedytorwruchu.pl\/wp-content\/uploads\/2025\/04\/Piotr-100x100.jpeg 100w, https:\/\/spedytorwruchu.pl\/wp-content\/uploads\/2025\/04\/Piotr-600x600.jpeg 600w, https:\/\/spedytorwruchu.pl\/wp-content\/uploads\/2025\/04\/Piotr-150x150.jpeg 150w, https:\/\/spedytorwruchu.pl\/wp-content\/uploads\/2025\/04\/Piotr-768x768.jpeg 768w, https:\/\/spedytorwruchu.pl\/wp-content\/uploads\/2025\/04\/Piotr-120x120.jpeg 120w\" sizes=\"(max-width: 1024px) 100vw, 1024px\" \/><\/a><\/figure><div class=\"elementor-image-box-content\"><h3 class=\"elementor-image-box-title\"><a href=\"https:\/\/spedytorwruchu.pl\/index.php\/trener-piotr\/\">Piotr Guzowski<\/a><\/h3><p class=\"elementor-image-box-description\">W\u0142a\u015bciciel projektu, certyfikowany doradca ADR<\/p><\/div><\/div>\t\t\t\t<\/div>\n\t\t\t\t<\/div>\n\t\t\t\t<div class=\"elementor-element elementor-element-19e016f elementor-position-top elementor-widget elementor-widget-image-box\" data-id=\"19e016f\" data-element_type=\"widget\" data-widget_type=\"image-box.default\">\n\t\t\t\t<div class=\"elementor-widget-container\">\n\t\t\t\t\t<div class=\"elementor-image-box-wrapper\"><figure class=\"elementor-image-box-img\"><a href=\"https:\/\/spedytorwruchu.pl\/index.php\/trenerka-emilia\/\" tabindex=\"-1\"><img decoding=\"async\" width=\"1024\" height=\"1024\" src=\"https:\/\/spedytorwruchu.pl\/wp-content\/uploads\/2025\/06\/Emiia-Nowiczek.jpeg\" class=\"attachment-full size-full wp-image-1741\" alt=\"\" srcset=\"https:\/\/spedytorwruchu.pl\/wp-content\/uploads\/2025\/06\/Emiia-Nowiczek.jpeg 1024w, https:\/\/spedytorwruchu.pl\/wp-content\/uploads\/2025\/06\/Emiia-Nowiczek-300x300.jpeg 300w, https:\/\/spedytorwruchu.pl\/wp-content\/uploads\/2025\/06\/Emiia-Nowiczek-100x100.jpeg 100w, https:\/\/spedytorwruchu.pl\/wp-content\/uploads\/2025\/06\/Emiia-Nowiczek-600x600.jpeg 600w, https:\/\/spedytorwruchu.pl\/wp-content\/uploads\/2025\/06\/Emiia-Nowiczek-150x150.jpeg 150w, https:\/\/spedytorwruchu.pl\/wp-content\/uploads\/2025\/06\/Emiia-Nowiczek-768x768.jpeg 768w\" sizes=\"(max-width: 1024px) 100vw, 1024px\" \/><\/a><\/figure><div class=\"elementor-image-box-content\"><h3 class=\"elementor-image-box-title\"><a href=\"https:\/\/spedytorwruchu.pl\/index.php\/trenerka-emilia\/\">Emilia Nowaczek <\/a><\/h3><p class=\"elementor-image-box-description\">\u0422\u0440\u0435\u043d\u0435\u0440 TSL<\/p><\/div><\/div>\t\t\t\t<\/div>\n\t\t\t\t<\/div>\n\t\t\t\t<div class=\"elementor-element elementor-element-5dc4628 elementor-position-top elementor-widget elementor-widget-image-box\" data-id=\"5dc4628\" data-element_type=\"widget\" data-widget_type=\"image-box.default\">\n\t\t\t\t<div class=\"elementor-widget-container\">\n\t\t\t\t\t<div class=\"elementor-image-box-wrapper\"><figure class=\"elementor-image-box-img\"><a href=\"https:\/\/spedytorwruchu.pl\/index.php\/trener-dariusz\/\" tabindex=\"-1\"><img decoding=\"async\" width=\"1024\" height=\"1024\" src=\"https:\/\/spedytorwruchu.pl\/wp-content\/uploads\/2025\/04\/Darek.jpeg\" class=\"attachment-full size-full wp-image-1380\" alt=\"\" srcset=\"https:\/\/spedytorwruchu.pl\/wp-content\/uploads\/2025\/04\/Darek.jpeg 1024w, https:\/\/spedytorwruchu.pl\/wp-content\/uploads\/2025\/04\/Darek-300x300.jpeg 300w, https:\/\/spedytorwruchu.pl\/wp-content\/uploads\/2025\/04\/Darek-100x100.jpeg 100w, https:\/\/spedytorwruchu.pl\/wp-content\/uploads\/2025\/04\/Darek-600x600.jpeg 600w, https:\/\/spedytorwruchu.pl\/wp-content\/uploads\/2025\/04\/Darek-150x150.jpeg 150w, https:\/\/spedytorwruchu.pl\/wp-content\/uploads\/2025\/04\/Darek-768x768.jpeg 768w, https:\/\/spedytorwruchu.pl\/wp-content\/uploads\/2025\/04\/Darek-120x120.jpeg 120w\" sizes=\"(max-width: 1024px) 100vw, 1024px\" \/><\/a><\/figure><div class=\"elementor-image-box-content\"><h3 class=\"elementor-image-box-title\"><a href=\"https:\/\/spedytorwruchu.pl\/index.php\/trener-dariusz\/\">Dariusz Otoka<\/a><\/h3><p class=\"elementor-image-box-description\">Rekruter <\/p><\/div><\/div>\t\t\t\t<\/div>\n\t\t\t\t<\/div>\n\t\t\t\t<div class=\"elementor-element elementor-element-c0844ee elementor-position-top elementor-widget elementor-widget-image-box\" data-id=\"c0844ee\" data-element_type=\"widget\" data-widget_type=\"image-box.default\">\n\t\t\t\t<div class=\"elementor-widget-container\">\n\t\t\t\t\t<div class=\"elementor-image-box-wrapper\"><figure class=\"elementor-image-box-img\"><a href=\"https:\/\/spedytorwruchu.pl\/index.php\/trenerka-katarzyna\/\" tabindex=\"-1\"><img loading=\"lazy\" decoding=\"async\" width=\"1024\" height=\"1024\" src=\"https:\/\/spedytorwruchu.pl\/wp-content\/uploads\/2025\/06\/Katarzyna.jpeg\" class=\"attachment-full size-full wp-image-1743\" alt=\"\" srcset=\"https:\/\/spedytorwruchu.pl\/wp-content\/uploads\/2025\/06\/Katarzyna.jpeg 1024w, https:\/\/spedytorwruchu.pl\/wp-content\/uploads\/2025\/06\/Katarzyna-300x300.jpeg 300w, https:\/\/spedytorwruchu.pl\/wp-content\/uploads\/2025\/06\/Katarzyna-100x100.jpeg 100w, https:\/\/spedytorwruchu.pl\/wp-content\/uploads\/2025\/06\/Katarzyna-600x600.jpeg 600w, https:\/\/spedytorwruchu.pl\/wp-content\/uploads\/2025\/06\/Katarzyna-150x150.jpeg 150w, https:\/\/spedytorwruchu.pl\/wp-content\/uploads\/2025\/06\/Katarzyna-768x768.jpeg 768w\" sizes=\"(max-width: 1024px) 100vw, 1024px\" \/><\/a><\/figure><div class=\"elementor-image-box-content\"><h3 class=\"elementor-image-box-title\"><a href=\"https:\/\/spedytorwruchu.pl\/index.php\/trenerka-katarzyna\/\">Katarzyna Taparek \u2013 Grz\u0119dzi\u0144ska<\/a><\/h3><p class=\"elementor-image-box-description\">\u0421\u043f\u0435\u0446\u0456\u0430\u043b\u0456\u0441\u0442 \u0437 \u043a\u0430\u0440'\u0454\u0440\u0438<\/p><\/div><\/div>\t\t\t\t<\/div>\n\t\t\t\t<\/div>\n\t\t\t\t<\/div>\n\t\t\t\t<\/div>\n\t\t\t\t<\/div>","protected":false},"excerpt":{"rendered":"<p>Nasi trenerzy Za ka\u017cd\u0105 dobr\u0105 edukacj\u0105 stoj\u0105 ludzie. W Spedytorze w Ruchu stawiamy na praktyk\u00f3w \u2013 osoby, kt\u00f3re wiedz\u0105, o czym m\u00f3wi\u0105, bo same na co dzie\u0144 funkcjonuj\u0105 w \u015bwiecie transportu, spedycji i logistyki. To nie s\u0105 tylko trenerzy \u2013 to eksperci z wieloletnim do\u015bwiadczeniem, kt\u00f3rzy potrafi\u0105 przekaza\u0107 wiedz\u0119 w spos\u00f3b prosty, konkretny i nastawiony [&hellip;]<\/p>","protected":false},"author":1,"featured_media":0,"parent":0,"menu_order":0,"comment_status":"closed","ping_status":"closed","template":"","meta":{"footnotes":""},"class_list":["post-1804","page","type-page","status-publish","hentry"],"yoast_head":"<!-- This site is optimized with the Yoast SEO plugin v26.4 - https:\/\/yoast.com\/wordpress\/plugins\/seo\/ -->\n<title>Poznaj nasz zesp\u00f3\u0142 - Spedytor w ruchu<\/title>\n<meta name=\"robots\" content=\"index, follow, max-snippet:-1, max-image-preview:large, max-video-preview:-1\" \/>\n<link rel=\"canonical\" href=\"https:\/\/spedytorwruchu.pl\/ua\/poznaj-nasz-zespol\/\" \/>\n<meta property=\"og:locale\" content=\"uk_UA\" \/>\n<meta property=\"og:type\" content=\"article\" \/>\n<meta property=\"og:title\" content=\"Poznaj nasz zesp\u00f3\u0142 - Spedytor w ruchu\" \/>\n<meta property=\"og:description\" content=\"Nasi trenerzy Za ka\u017cd\u0105 dobr\u0105 edukacj\u0105 stoj\u0105 ludzie. W Spedytorze w Ruchu stawiamy na praktyk\u00f3w \u2013 osoby, kt\u00f3re wiedz\u0105, o czym m\u00f3wi\u0105, bo same na co dzie\u0144 funkcjonuj\u0105 w \u015bwiecie transportu, spedycji i logistyki. To nie s\u0105 tylko trenerzy \u2013 to eksperci z wieloletnim do\u015bwiadczeniem, kt\u00f3rzy potrafi\u0105 przekaza\u0107 wiedz\u0119 w spos\u00f3b prosty, konkretny i nastawiony [&hellip;]\" \/>\n<meta property=\"og:url\" content=\"https:\/\/spedytorwruchu.pl\/ua\/poznaj-nasz-zespol\/\" \/>\n<meta property=\"og:site_name\" content=\"Spedytor w ruchu\" \/>\n<meta property=\"article:modified_time\" content=\"2026-03-02T20:09:14+00:00\" \/>\n<meta property=\"og:image\" content=\"https:\/\/spedytorwruchu.pl\/wp-content\/uploads\/2025\/04\/Piotr.jpeg\" \/>\n\t<meta property=\"og:image:width\" content=\"1024\" \/>\n\t<meta property=\"og:image:height\" content=\"1024\" \/>\n\t<meta property=\"og:image:type\" content=\"image\/jpeg\" \/>\n<meta name=\"twitter:card\" content=\"summary_large_image\" \/>\n<meta name=\"twitter:label1\" content=\"\u041f\u0440\u0438\u0431\u043b. \u0447\u0430\u0441 \u0447\u0438\u0442\u0430\u043d\u043d\u044f\" \/>\n\t<meta name=\"twitter:data1\" content=\"2 \u0445\u0432\u0438\u043b\u0438\u043d\u0438\" \/>\n<script type=\"application\/ld+json\" class=\"yoast-schema-graph\">{\"@context\":\"https:\/\/schema.org\",\"@graph\":[{\"@type\":\"WebPage\",\"@id\":\"https:\/\/spedytorwruchu.pl\/poznaj-nasz-zespol\/\",\"url\":\"https:\/\/spedytorwruchu.pl\/poznaj-nasz-zespol\/\",\"name\":\"Poznaj nasz zesp\u00f3\u0142 - Spedytor w ruchu\",\"isPartOf\":{\"@id\":\"https:\/\/spedytorwruchu.pl\/#website\"},\"primaryImageOfPage\":{\"@id\":\"https:\/\/spedytorwruchu.pl\/poznaj-nasz-zespol\/#primaryimage\"},\"image\":{\"@id\":\"https:\/\/spedytorwruchu.pl\/poznaj-nasz-zespol\/#primaryimage\"},\"thumbnailUrl\":\"https:\/\/spedytorwruchu.pl\/wp-content\/uploads\/2025\/04\/Piotr.jpeg\",\"datePublished\":\"2025-06-24T20:16:31+00:00\",\"dateModified\":\"2026-03-02T20:09:14+00:00\",\"breadcrumb\":{\"@id\":\"https:\/\/spedytorwruchu.pl\/poznaj-nasz-zespol\/#breadcrumb\"},\"inLanguage\":\"uk\",\"potentialAction\":[{\"@type\":\"ReadAction\",\"target\":[\"https:\/\/spedytorwruchu.pl\/poznaj-nasz-zespol\/\"]}]},{\"@type\":\"ImageObject\",\"inLanguage\":\"uk\",\"@id\":\"https:\/\/spedytorwruchu.pl\/poznaj-nasz-zespol\/#primaryimage\",\"url\":\"https:\/\/spedytorwruchu.pl\/wp-content\/uploads\/2025\/04\/Piotr.jpeg\",\"contentUrl\":\"https:\/\/spedytorwruchu.pl\/wp-content\/uploads\/2025\/04\/Piotr.jpeg\"},{\"@type\":\"BreadcrumbList\",\"@id\":\"https:\/\/spedytorwruchu.pl\/poznaj-nasz-zespol\/#breadcrumb\",\"itemListElement\":[{\"@type\":\"ListItem\",\"position\":1,\"name\":\"Strona g\u0142\u00f3wna\",\"item\":\"https:\/\/spedytorwruchu.pl\/\"},{\"@type\":\"ListItem\",\"position\":2,\"name\":\"Poznaj nasz zesp\u00f3\u0142\"}]},{\"@type\":\"WebSite\",\"@id\":\"https:\/\/spedytorwruchu.pl\/#website\",\"url\":\"https:\/\/spedytorwruchu.pl\/\",\"name\":\"Spedytor w ruchu\",\"description\":\"\",\"publisher\":{\"@id\":\"https:\/\/spedytorwruchu.pl\/#organization\"},\"potentialAction\":[{\"@type\":\"SearchAction\",\"target\":{\"@type\":\"EntryPoint\",\"urlTemplate\":\"https:\/\/spedytorwruchu.pl\/?s={search_term_string}\"},\"query-input\":{\"@type\":\"PropertyValueSpecification\",\"valueRequired\":true,\"valueName\":\"search_term_string\"}}],\"inLanguage\":\"uk\"},{\"@type\":\"Organization\",\"@id\":\"https:\/\/spedytorwruchu.pl\/#organization\",\"name\":\"Spedytor w ruchu\",\"url\":\"https:\/\/spedytorwruchu.pl\/\",\"logo\":{\"@type\":\"ImageObject\",\"inLanguage\":\"uk\",\"@id\":\"https:\/\/spedytorwruchu.pl\/#\/schema\/logo\/image\/\",\"url\":\"https:\/\/spedytorwruchu.pl\/wp-content\/uploads\/2025\/04\/logo-pn-1.png\",\"contentUrl\":\"https:\/\/spedytorwruchu.pl\/wp-content\/uploads\/2025\/04\/logo-pn-1.png\",\"width\":1280,\"height\":1280,\"caption\":\"Spedytor w ruchu\"},\"image\":{\"@id\":\"https:\/\/spedytorwruchu.pl\/#\/schema\/logo\/image\/\"}}]}<\/script>\n<!-- \/ Yoast SEO plugin. -->","yoast_head_json":{"title":"Poznaj nasz zesp\u00f3\u0142 - Spedytor w ruchu","robots":{"index":"index","follow":"follow","max-snippet":"max-snippet:-1","max-image-preview":"max-image-preview:large","max-video-preview":"max-video-preview:-1"},"canonical":"https:\/\/spedytorwruchu.pl\/ua\/poznaj-nasz-zespol\/","og_locale":"uk_UA","og_type":"article","og_title":"Poznaj nasz zesp\u00f3\u0142 - Spedytor w ruchu","og_description":"Nasi trenerzy Za ka\u017cd\u0105 dobr\u0105 edukacj\u0105 stoj\u0105 ludzie. W Spedytorze w Ruchu stawiamy na praktyk\u00f3w \u2013 osoby, kt\u00f3re wiedz\u0105, o czym m\u00f3wi\u0105, bo same na co dzie\u0144 funkcjonuj\u0105 w \u015bwiecie transportu, spedycji i logistyki. To nie s\u0105 tylko trenerzy \u2013 to eksperci z wieloletnim do\u015bwiadczeniem, kt\u00f3rzy potrafi\u0105 przekaza\u0107 wiedz\u0119 w spos\u00f3b prosty, konkretny i nastawiony [&hellip;]","og_url":"https:\/\/spedytorwruchu.pl\/ua\/poznaj-nasz-zespol\/","og_site_name":"Spedytor w ruchu","article_modified_time":"2026-03-02T20:09:14+00:00","og_image":[{"width":1024,"height":1024,"url":"https:\/\/spedytorwruchu.pl\/wp-content\/uploads\/2025\/04\/Piotr.jpeg","type":"image\/jpeg"}],"twitter_card":"summary_large_image","twitter_misc":{"\u041f\u0440\u0438\u0431\u043b. \u0447\u0430\u0441 \u0447\u0438\u0442\u0430\u043d\u043d\u044f":"2 \u0445\u0432\u0438\u043b\u0438\u043d\u0438"},"schema":{"@context":"https:\/\/schema.org","@graph":[{"@type":"WebPage","@id":"https:\/\/spedytorwruchu.pl\/poznaj-nasz-zespol\/","url":"https:\/\/spedytorwruchu.pl\/poznaj-nasz-zespol\/","name":"Poznaj nasz zesp\u00f3\u0142 - Spedytor w ruchu","isPartOf":{"@id":"https:\/\/spedytorwruchu.pl\/#website"},"primaryImageOfPage":{"@id":"https:\/\/spedytorwruchu.pl\/poznaj-nasz-zespol\/#primaryimage"},"image":{"@id":"https:\/\/spedytorwruchu.pl\/poznaj-nasz-zespol\/#primaryimage"},"thumbnailUrl":"https:\/\/spedytorwruchu.pl\/wp-content\/uploads\/2025\/04\/Piotr.jpeg","datePublished":"2025-06-24T20:16:31+00:00","dateModified":"2026-03-02T20:09:14+00:00","breadcrumb":{"@id":"https:\/\/spedytorwruchu.pl\/poznaj-nasz-zespol\/#breadcrumb"},"inLanguage":"uk","potentialAction":[{"@type":"ReadAction","target":["https:\/\/spedytorwruchu.pl\/poznaj-nasz-zespol\/"]}]},{"@type":"ImageObject","inLanguage":"uk","@id":"https:\/\/spedytorwruchu.pl\/poznaj-nasz-zespol\/#primaryimage","url":"https:\/\/spedytorwruchu.pl\/wp-content\/uploads\/2025\/04\/Piotr.jpeg","contentUrl":"https:\/\/spedytorwruchu.pl\/wp-content\/uploads\/2025\/04\/Piotr.jpeg"},{"@type":"BreadcrumbList","@id":"https:\/\/spedytorwruchu.pl\/poznaj-nasz-zespol\/#breadcrumb","itemListElement":[{"@type":"ListItem","position":1,"name":"Strona g\u0142\u00f3wna","item":"https:\/\/spedytorwruchu.pl\/"},{"@type":"ListItem","position":2,"name":"Poznaj nasz zesp\u00f3\u0142"}]},{"@type":"WebSite","@id":"https:\/\/spedytorwruchu.pl\/#website","url":"https:\/\/spedytorwruchu.pl\/","name":"Spedytor w ruchu","description":"","publisher":{"@id":"https:\/\/spedytorwruchu.pl\/#organization"},"potentialAction":[{"@type":"SearchAction","target":{"@type":"EntryPoint","urlTemplate":"https:\/\/spedytorwruchu.pl\/?s={search_term_string}"},"query-input":{"@type":"PropertyValueSpecification","valueRequired":true,"valueName":"search_term_string"}}],"inLanguage":"uk"},{"@type":"Organization","@id":"https:\/\/spedytorwruchu.pl\/#organization","name":"Spedytor w ruchu","url":"https:\/\/spedytorwruchu.pl\/","logo":{"@type":"ImageObject","inLanguage":"uk","@id":"https:\/\/spedytorwruchu.pl\/#\/schema\/logo\/image\/","url":"https:\/\/spedytorwruchu.pl\/wp-content\/uploads\/2025\/04\/logo-pn-1.png","contentUrl":"https:\/\/spedytorwruchu.pl\/wp-content\/uploads\/2025\/04\/logo-pn-1.png","width":1280,"height":1280,"caption":"Spedytor w ruchu"},"image":{"@id":"https:\/\/spedytorwruchu.pl\/#\/schema\/logo\/image\/"}}]}},"_links":{"self":[{"href":"https:\/\/spedytorwruchu.pl\/ua\/wp-json\/wp\/v2\/pages\/1804","targetHints":{"allow":["GET"]}}],"collection":[{"href":"https:\/\/spedytorwruchu.pl\/ua\/wp-json\/wp\/v2\/pages"}],"about":[{"href":"https:\/\/spedytorwruchu.pl\/ua\/wp-json\/wp\/v2\/types\/page"}],"author":[{"embeddable":true,"href":"https:\/\/spedytorwruchu.pl\/ua\/wp-json\/wp\/v2\/users\/1"}],"replies":[{"embeddable":true,"href":"https:\/\/spedytorwruchu.pl\/ua\/wp-json\/wp\/v2\/comments?post=1804"}],"version-history":[{"count":19,"href":"https:\/\/spedytorwruchu.pl\/ua\/wp-json\/wp\/v2\/pages\/1804\/revisions"}],"predecessor-version":[{"id":2460,"href":"https:\/\/spedytorwruchu.pl\/ua\/wp-json\/wp\/v2\/pages\/1804\/revisions\/2460"}],"wp:attachment":[{"href":"https:\/\/spedytorwruchu.pl\/ua\/wp-json\/wp\/v2\/media?parent=1804"}],"curies":[{"name":"wp","href":"https:\/\/api.w.org\/{rel}","templated":true}]}}