{"id":1747,"date":"2025-06-24T19:55:20","date_gmt":"2025-06-24T17:55:20","guid":{"rendered":"https:\/\/spedytor.u349765.stronazen.pl\/?page_id=1747"},"modified":"2025-06-24T20:04:15","modified_gmt":"2025-06-24T18:04:15","slug":"trenerka-emilia","status":"publish","type":"page","link":"https:\/\/spedytorwruchu.pl\/ua\/trenerka-emilia\/","title":{"rendered":"Trenerka Emilia"},"content":{"rendered":"<div data-elementor-type=\"wp-page\" data-elementor-id=\"1747\" class=\"elementor elementor-1747\" data-elementor-post-type=\"page\">\n\t\t\t\t<div class=\"elementor-element elementor-element-290a366 e-flex e-con-boxed e-con e-parent\" data-id=\"290a366\" data-element_type=\"container\">\n\t\t\t\t\t<div class=\"e-con-inner\">\n\t\t\t\t<div class=\"elementor-element elementor-element-daa35b6 elementor-widget elementor-widget-html\" data-id=\"daa35b6\" data-element_type=\"widget\" data-widget_type=\"html.default\">\n\t\t\t\t<div class=\"elementor-widget-container\">\n\t\t\t\t\t<div class=\"trainer-profile-elementor\" style=\"max-width: 1200px; margin: 0 auto; padding: 60px 20px; font-family: 'Roboto', sans-serif; color: #333; line-height: 1.6;\">\n\n    <!-- Nag\u0142\u00f3wek ze zdj\u0119ciem -->\n    <div class=\"trainer-header\" style=\"display: flex; flex-direction: column; align-items: center; margin-bottom: 50px; text-align: center;\">\n        <div class=\"trainer-avatar\" style=\"width: 300px; height: 300px; border-radius: 50%; overflow: hidden; margin-bottom: 40px; border: 8px solid #0A2953; box-shadow: 0 15px 40px rgba(10,41,83,0.15);\">\n            <img decoding=\"async\" src=\"https:\/\/spedytorwruchu.pl\/wp-content\/uploads\/2025\/06\/Emiia-Nowiczek.jpeg\" alt=\"emilia\" style=\"width: 100%; height: 100%; object-fit: cover;\">\n        <\/div>\n        <h2 style=\"color: #0A2953; font-size: 42px; margin-bottom: 15px; font-weight: 700; letter-spacing: -0.5px;\">Emilia Nowaczek <\/h2>\n        <p style=\"color: #0A2953; font-size: 22px; font-weight: 500; margin-bottom: 25px; text-transform: uppercase;\"> \u0422\u0440\u0435\u043d\u0435\u0440 TSL  <\/p>\n        <div style=\"width: 120px; height: 4px; background-color: #0A2953; margin-bottom: 40px;\"><\/div>\n    <\/div>\n\n    <!-- Sekcja opisowa -->\n    <div class=\"trainer-content\" style=\"background-color: #f8f9fa; padding: 50px; border-radius: 12px; box-shadow: 0 10px 30px rgba(0,0,0,0.08); margin-bottom: 50px;\">\n        <p style=\"font-size: 18px; margin-bottom: 25px; line-height: 1.8;\">\n            <strong style=\"color: #0A2953;\">Certyfikowana trenerka biznesu (Akademia SET\u00ae) z ponad 20-letnim do\u015bwiadczeniem w bran\u017cy TSL. <\/strong>\n            Przez lata wsp\u00f3\u0142pracowa\u0142a z mi\u0119dzynarodowymi korporacjami, tworz\u0105c i wdra\u017caj\u0105c standardy obs\u0142ugi klienta, buduj\u0105c skuteczne zespo\u0142y sprzeda\u017cowe i prowadz\u0105c kompleksowe procesy rozwojowe.Specjalizuje si\u0119 w szkoleniach dla spedytor\u00f3w, dyspozytor\u00f3w oraz specjalist\u00f3w ds. obs\u0142ugi klienta biznesowego, zar\u00f3wno w du\u017cych firmach, jak i mniejszych organizacjach.\n        \n        <p style=\"font-size: 18px; margin-bottom: 25px; line-height: 1.8;\">\n           <strong style=\"color: #0A2953;\">\u0141\u0105czy strategiczne spojrzenie na biznes z praktyczn\u0105 wiedz\u0105 operacyjn\u0105 i prawn\u0105. Jako trenerka stawia na konkret, skuteczno\u015b\u0107 i trwa\u0142e rezultaty \u2013 r\u00f3wnie\u017c po zako\u0144czeniu warsztat\u00f3w.<\/strong> Jej uczestnicy ceni\u0105 j\u0105 za zaanga\u017cowanie, motywuj\u0105cy styl pracy oraz umiej\u0119tno\u015b\u0107 przek\u0142adania teorii na realia codziennej pracy.\n        <\/p>\n        \n        <p style=\"font-size: 18px; margin-bottom: 0; line-height: 1.8;\">\n            W codziennej pracy kieruje si\u0119 zasad\u0105, \u017ce rozw\u00f3j to nie jednorazowe szkolenie, a proces. Z pasj\u0105 wspiera firmy w minimalizacji koszt\u00f3w i usprawnianiu proces\u00f3w, bazuj\u0105c na wska\u017anikach efektywno\u015bci oraz w\u0142asnym do\u015bwiadczeniu mened\u017cerskim.\n        <\/p>\n    <\/div>\n\n    <!-- Przycisk -->\n    <div class=\"trainer-footer\" style=\"text-align: center;\">\n        <a href=\"#\" class=\"elementor-button\" style=\"display: inline-block; padding: 16px 40px; background-color: #0A2953; color: white; text-decoration: none; border-radius: 20px; font-weight: 600; font-size: 18px; transition: all 0.3s ease; letter-spacing: 0.5px; box-shadow: 0 5px 15px rgba(10,41,83,0.3);\">Zobacz szkolenia prowadzone przez t\u0105 trenerk\u0119<\/a>\n    <\/div>\n\n<\/div>\t\t\t\t<\/div>\n\t\t\t\t<\/div>\n\t\t\t\t\t<\/div>\n\t\t\t\t<\/div>\n\t\t\t\t<\/div>","protected":false},"excerpt":{"rendered":"<p>Emilia Nowaczek Trenerka TSL Certyfikowana trenerka biznesu (Akademia SET\u00ae) z ponad 20-letnim do\u015bwiadczeniem w bran\u017cy TSL. Przez lata wsp\u00f3\u0142pracowa\u0142a z mi\u0119dzynarodowymi korporacjami, tworz\u0105c i wdra\u017caj\u0105c standardy obs\u0142ugi klienta, buduj\u0105c skuteczne zespo\u0142y sprzeda\u017cowe i prowadz\u0105c kompleksowe procesy rozwojowe.Specjalizuje si\u0119 w szkoleniach dla spedytor\u00f3w, dyspozytor\u00f3w oraz specjalist\u00f3w ds. obs\u0142ugi klienta biznesowego, zar\u00f3wno w du\u017cych firmach, jak i [&hellip;]<\/p>","protected":false},"author":1,"featured_media":0,"parent":0,"menu_order":0,"comment_status":"closed","ping_status":"closed","template":"","meta":{"footnotes":""},"class_list":["post-1747","page","type-page","status-publish","hentry"],"yoast_head":"<!-- This site is optimized with the Yoast SEO plugin v26.4 - https:\/\/yoast.com\/wordpress\/plugins\/seo\/ -->\n<title>Trenerka Emilia - Spedytor w ruchu<\/title>\n<meta name=\"robots\" content=\"index, follow, max-snippet:-1, max-image-preview:large, max-video-preview:-1\" \/>\n<link rel=\"canonical\" href=\"https:\/\/spedytorwruchu.pl\/ua\/trenerka-emilia\/\" \/>\n<meta property=\"og:locale\" content=\"uk_UA\" \/>\n<meta property=\"og:type\" content=\"article\" \/>\n<meta property=\"og:title\" content=\"Trenerka Emilia - Spedytor w ruchu\" \/>\n<meta property=\"og:description\" content=\"Emilia Nowaczek Trenerka TSL Certyfikowana trenerka biznesu (Akademia SET\u00ae) z ponad 20-letnim do\u015bwiadczeniem w bran\u017cy TSL. Przez lata wsp\u00f3\u0142pracowa\u0142a z mi\u0119dzynarodowymi korporacjami, tworz\u0105c i wdra\u017caj\u0105c standardy obs\u0142ugi klienta, buduj\u0105c skuteczne zespo\u0142y sprzeda\u017cowe i prowadz\u0105c kompleksowe procesy rozwojowe.Specjalizuje si\u0119 w szkoleniach dla spedytor\u00f3w, dyspozytor\u00f3w oraz specjalist\u00f3w ds. obs\u0142ugi klienta biznesowego, zar\u00f3wno w du\u017cych firmach, jak i [&hellip;]\" \/>\n<meta property=\"og:url\" content=\"https:\/\/spedytorwruchu.pl\/ua\/trenerka-emilia\/\" \/>\n<meta property=\"og:site_name\" content=\"Spedytor w ruchu\" \/>\n<meta property=\"article:modified_time\" content=\"2025-06-24T18:04:15+00:00\" \/>\n<meta property=\"og:image\" content=\"https:\/\/spedytorwruchu.pl\/wp-content\/uploads\/2025\/06\/Emiia-Nowiczek.jpeg\" \/>\n<meta name=\"twitter:card\" content=\"summary_large_image\" \/>\n<meta name=\"twitter:label1\" content=\"\u041f\u0440\u0438\u0431\u043b. \u0447\u0430\u0441 \u0447\u0438\u0442\u0430\u043d\u043d\u044f\" \/>\n\t<meta name=\"twitter:data1\" content=\"1 \u0445\u0432\u0438\u043b\u0438\u043d\u0430\" \/>\n<script type=\"application\/ld+json\" class=\"yoast-schema-graph\">{\"@context\":\"https:\/\/schema.org\",\"@graph\":[{\"@type\":\"WebPage\",\"@id\":\"https:\/\/spedytorwruchu.pl\/trenerka-emilia\/\",\"url\":\"https:\/\/spedytorwruchu.pl\/trenerka-emilia\/\",\"name\":\"Trenerka Emilia - Spedytor w ruchu\",\"isPartOf\":{\"@id\":\"https:\/\/spedytorwruchu.pl\/#website\"},\"primaryImageOfPage\":{\"@id\":\"https:\/\/spedytorwruchu.pl\/trenerka-emilia\/#primaryimage\"},\"image\":{\"@id\":\"https:\/\/spedytorwruchu.pl\/trenerka-emilia\/#primaryimage\"},\"thumbnailUrl\":\"https:\/\/spedytorwruchu.pl\/wp-content\/uploads\/2025\/06\/Emiia-Nowiczek.jpeg\",\"datePublished\":\"2025-06-24T17:55:20+00:00\",\"dateModified\":\"2025-06-24T18:04:15+00:00\",\"breadcrumb\":{\"@id\":\"https:\/\/spedytorwruchu.pl\/trenerka-emilia\/#breadcrumb\"},\"inLanguage\":\"uk\",\"potentialAction\":[{\"@type\":\"ReadAction\",\"target\":[\"https:\/\/spedytorwruchu.pl\/trenerka-emilia\/\"]}]},{\"@type\":\"ImageObject\",\"inLanguage\":\"uk\",\"@id\":\"https:\/\/spedytorwruchu.pl\/trenerka-emilia\/#primaryimage\",\"url\":\"https:\/\/spedytorwruchu.pl\/wp-content\/uploads\/2025\/06\/Emiia-Nowiczek.jpeg\",\"contentUrl\":\"https:\/\/spedytorwruchu.pl\/wp-content\/uploads\/2025\/06\/Emiia-Nowiczek.jpeg\"},{\"@type\":\"BreadcrumbList\",\"@id\":\"https:\/\/spedytorwruchu.pl\/trenerka-emilia\/#breadcrumb\",\"itemListElement\":[{\"@type\":\"ListItem\",\"position\":1,\"name\":\"Strona g\u0142\u00f3wna\",\"item\":\"https:\/\/spedytorwruchu.pl\/\"},{\"@type\":\"ListItem\",\"position\":2,\"name\":\"Trenerka Emilia\"}]},{\"@type\":\"WebSite\",\"@id\":\"https:\/\/spedytorwruchu.pl\/#website\",\"url\":\"https:\/\/spedytorwruchu.pl\/\",\"name\":\"Spedytor w ruchu\",\"description\":\"\",\"publisher\":{\"@id\":\"https:\/\/spedytorwruchu.pl\/#organization\"},\"potentialAction\":[{\"@type\":\"SearchAction\",\"target\":{\"@type\":\"EntryPoint\",\"urlTemplate\":\"https:\/\/spedytorwruchu.pl\/?s={search_term_string}\"},\"query-input\":{\"@type\":\"PropertyValueSpecification\",\"valueRequired\":true,\"valueName\":\"search_term_string\"}}],\"inLanguage\":\"uk\"},{\"@type\":\"Organization\",\"@id\":\"https:\/\/spedytorwruchu.pl\/#organization\",\"name\":\"Spedytor w ruchu\",\"url\":\"https:\/\/spedytorwruchu.pl\/\",\"logo\":{\"@type\":\"ImageObject\",\"inLanguage\":\"uk\",\"@id\":\"https:\/\/spedytorwruchu.pl\/#\/schema\/logo\/image\/\",\"url\":\"https:\/\/spedytorwruchu.pl\/wp-content\/uploads\/2025\/04\/logo-pn-1.png\",\"contentUrl\":\"https:\/\/spedytorwruchu.pl\/wp-content\/uploads\/2025\/04\/logo-pn-1.png\",\"width\":1280,\"height\":1280,\"caption\":\"Spedytor w ruchu\"},\"image\":{\"@id\":\"https:\/\/spedytorwruchu.pl\/#\/schema\/logo\/image\/\"}}]}<\/script>\n<!-- \/ Yoast SEO plugin. -->","yoast_head_json":{"title":"Trenerka Emilia - Spedytor w ruchu","robots":{"index":"index","follow":"follow","max-snippet":"max-snippet:-1","max-image-preview":"max-image-preview:large","max-video-preview":"max-video-preview:-1"},"canonical":"https:\/\/spedytorwruchu.pl\/ua\/trenerka-emilia\/","og_locale":"uk_UA","og_type":"article","og_title":"Trenerka Emilia - Spedytor w ruchu","og_description":"Emilia Nowaczek Trenerka TSL Certyfikowana trenerka biznesu (Akademia SET\u00ae) z ponad 20-letnim do\u015bwiadczeniem w bran\u017cy TSL. Przez lata wsp\u00f3\u0142pracowa\u0142a z mi\u0119dzynarodowymi korporacjami, tworz\u0105c i wdra\u017caj\u0105c standardy obs\u0142ugi klienta, buduj\u0105c skuteczne zespo\u0142y sprzeda\u017cowe i prowadz\u0105c kompleksowe procesy rozwojowe.Specjalizuje si\u0119 w szkoleniach dla spedytor\u00f3w, dyspozytor\u00f3w oraz specjalist\u00f3w ds. obs\u0142ugi klienta biznesowego, zar\u00f3wno w du\u017cych firmach, jak i [&hellip;]","og_url":"https:\/\/spedytorwruchu.pl\/ua\/trenerka-emilia\/","og_site_name":"Spedytor w ruchu","article_modified_time":"2025-06-24T18:04:15+00:00","og_image":[{"url":"https:\/\/spedytorwruchu.pl\/wp-content\/uploads\/2025\/06\/Emiia-Nowiczek.jpeg","type":"","width":"","height":""}],"twitter_card":"summary_large_image","twitter_misc":{"\u041f\u0440\u0438\u0431\u043b. \u0447\u0430\u0441 \u0447\u0438\u0442\u0430\u043d\u043d\u044f":"1 \u0445\u0432\u0438\u043b\u0438\u043d\u0430"},"schema":{"@context":"https:\/\/schema.org","@graph":[{"@type":"WebPage","@id":"https:\/\/spedytorwruchu.pl\/trenerka-emilia\/","url":"https:\/\/spedytorwruchu.pl\/trenerka-emilia\/","name":"Trenerka Emilia - Spedytor w ruchu","isPartOf":{"@id":"https:\/\/spedytorwruchu.pl\/#website"},"primaryImageOfPage":{"@id":"https:\/\/spedytorwruchu.pl\/trenerka-emilia\/#primaryimage"},"image":{"@id":"https:\/\/spedytorwruchu.pl\/trenerka-emilia\/#primaryimage"},"thumbnailUrl":"https:\/\/spedytorwruchu.pl\/wp-content\/uploads\/2025\/06\/Emiia-Nowiczek.jpeg","datePublished":"2025-06-24T17:55:20+00:00","dateModified":"2025-06-24T18:04:15+00:00","breadcrumb":{"@id":"https:\/\/spedytorwruchu.pl\/trenerka-emilia\/#breadcrumb"},"inLanguage":"uk","potentialAction":[{"@type":"ReadAction","target":["https:\/\/spedytorwruchu.pl\/trenerka-emilia\/"]}]},{"@type":"ImageObject","inLanguage":"uk","@id":"https:\/\/spedytorwruchu.pl\/trenerka-emilia\/#primaryimage","url":"https:\/\/spedytorwruchu.pl\/wp-content\/uploads\/2025\/06\/Emiia-Nowiczek.jpeg","contentUrl":"https:\/\/spedytorwruchu.pl\/wp-content\/uploads\/2025\/06\/Emiia-Nowiczek.jpeg"},{"@type":"BreadcrumbList","@id":"https:\/\/spedytorwruchu.pl\/trenerka-emilia\/#breadcrumb","itemListElement":[{"@type":"ListItem","position":1,"name":"Strona g\u0142\u00f3wna","item":"https:\/\/spedytorwruchu.pl\/"},{"@type":"ListItem","position":2,"name":"Trenerka Emilia"}]},{"@type":"WebSite","@id":"https:\/\/spedytorwruchu.pl\/#website","url":"https:\/\/spedytorwruchu.pl\/","name":"Spedytor w ruchu","description":"","publisher":{"@id":"https:\/\/spedytorwruchu.pl\/#organization"},"potentialAction":[{"@type":"SearchAction","target":{"@type":"EntryPoint","urlTemplate":"https:\/\/spedytorwruchu.pl\/?s={search_term_string}"},"query-input":{"@type":"PropertyValueSpecification","valueRequired":true,"valueName":"search_term_string"}}],"inLanguage":"uk"},{"@type":"Organization","@id":"https:\/\/spedytorwruchu.pl\/#organization","name":"Spedytor w ruchu","url":"https:\/\/spedytorwruchu.pl\/","logo":{"@type":"ImageObject","inLanguage":"uk","@id":"https:\/\/spedytorwruchu.pl\/#\/schema\/logo\/image\/","url":"https:\/\/spedytorwruchu.pl\/wp-content\/uploads\/2025\/04\/logo-pn-1.png","contentUrl":"https:\/\/spedytorwruchu.pl\/wp-content\/uploads\/2025\/04\/logo-pn-1.png","width":1280,"height":1280,"caption":"Spedytor w ruchu"},"image":{"@id":"https:\/\/spedytorwruchu.pl\/#\/schema\/logo\/image\/"}}]}},"_links":{"self":[{"href":"https:\/\/spedytorwruchu.pl\/ua\/wp-json\/wp\/v2\/pages\/1747","targetHints":{"allow":["GET"]}}],"collection":[{"href":"https:\/\/spedytorwruchu.pl\/ua\/wp-json\/wp\/v2\/pages"}],"about":[{"href":"https:\/\/spedytorwruchu.pl\/ua\/wp-json\/wp\/v2\/types\/page"}],"author":[{"embeddable":true,"href":"https:\/\/spedytorwruchu.pl\/ua\/wp-json\/wp\/v2\/users\/1"}],"replies":[{"embeddable":true,"href":"https:\/\/spedytorwruchu.pl\/ua\/wp-json\/wp\/v2\/comments?post=1747"}],"version-history":[{"count":7,"href":"https:\/\/spedytorwruchu.pl\/ua\/wp-json\/wp\/v2\/pages\/1747\/revisions"}],"predecessor-version":[{"id":1759,"href":"https:\/\/spedytorwruchu.pl\/ua\/wp-json\/wp\/v2\/pages\/1747\/revisions\/1759"}],"wp:attachment":[{"href":"https:\/\/spedytorwruchu.pl\/ua\/wp-json\/wp\/v2\/media?parent=1747"}],"curies":[{"name":"wp","href":"https:\/\/api.w.org\/{rel}","templated":true}]}}