{"id":1427,"date":"2025-04-30T00:04:01","date_gmt":"2025-04-29T22:04:01","guid":{"rendered":"https:\/\/spedytor.u349765.stronazen.pl\/?page_id=1427"},"modified":"2025-11-17T21:11:16","modified_gmt":"2025-11-17T20:11:16","slug":"trener-dariusz","status":"publish","type":"page","link":"https:\/\/spedytorwruchu.pl\/ua\/trener-dariusz\/","title":{"rendered":"Trener Dariusz"},"content":{"rendered":"<div data-elementor-type=\"wp-page\" data-elementor-id=\"1427\" class=\"elementor elementor-1427\" data-elementor-post-type=\"page\">\n\t\t\t\t<div class=\"elementor-element elementor-element-22c8905 e-flex e-con-boxed e-con e-parent\" data-id=\"22c8905\" data-element_type=\"container\">\n\t\t\t\t\t<div class=\"e-con-inner\">\n\t\t\t\t<div class=\"elementor-element elementor-element-364763b elementor-widget elementor-widget-spacer\" data-id=\"364763b\" data-element_type=\"widget\" data-widget_type=\"spacer.default\">\n\t\t\t\t<div class=\"elementor-widget-container\">\n\t\t\t\t\t\t\t<div class=\"elementor-spacer\">\n\t\t\t<div class=\"elementor-spacer-inner\"><\/div>\n\t\t<\/div>\n\t\t\t\t\t\t<\/div>\n\t\t\t\t<\/div>\n\t\t\t\t\t<\/div>\n\t\t\t\t<\/div>\n\t\t<div class=\"elementor-element elementor-element-56832f1 e-flex e-con-boxed e-con e-parent\" data-id=\"56832f1\" data-element_type=\"container\">\n\t\t\t\t\t<div class=\"e-con-inner\">\n\t\t\t\t<div class=\"elementor-element elementor-element-a447003 elementor-widget elementor-widget-html\" data-id=\"a447003\" data-element_type=\"widget\" data-widget_type=\"html.default\">\n\t\t\t\t<div class=\"elementor-widget-container\">\n\t\t\t\t\t<div class=\"trainer-profile-elementor\" style=\"max-width: 1200px; margin: 0 auto; padding: 60px 20px; font-family: 'Roboto', sans-serif; color: #333; line-height: 1.6;\">\n\n    <!-- Nag\u0142\u00f3wek ze zdj\u0119ciem -->\n    <div class=\"trainer-header\" style=\"display: flex; flex-direction: column; align-items: center; margin-bottom: 50px; text-align: center;\">\n        <div class=\"trainer-avatar\" style=\"width: 300px; height: 300px; border-radius: 50%; overflow: hidden; margin-bottom: 40px; border: 8px solid #0A2953; box-shadow: 0 15px 40px rgba(10,41,83,0.15);\">\n            <img decoding=\"async\" src=\"https:\/\/spedytorwruchu.pl\/wp-content\/uploads\/2025\/04\/Darek.jpeg\" alt=\"Dariusz Otoka\" style=\"width: 100%; height: 100%; object-fit: cover;\">\n        <\/div>\n        <h2 style=\"color: #0A2953; font-size: 42px; margin-bottom: 15px; font-weight: 700; letter-spacing: -0.5px;\">Dariusz Otoka<\/h2>\n        <p style=\"color: #0A2953; font-size: 22px; font-weight: 500; margin-bottom: 25px; text-transform: uppercase;\">Rekruter<\/p>\n        <div style=\"width: 120px; height: 4px; background-color: #0A2953; margin-bottom: 40px;\"><\/div>\n    <\/div>\n\n    <!-- Sekcja opisowa -->\n    <div class=\"trainer-content\" style=\"background-color: #f8f9fa; padding: 50px; border-radius: 12px; box-shadow: 0 10px 30px rgba(0,0,0,0.08); margin-bottom: 50px;\">\n        <p style=\"font-size: 18px; margin-bottom: 25px; line-height: 1.8;\">\n            <strong style=\"color: #0A2953;\">\u041f\u0440\u0430\u043a\u0442\u0438\u043a \u0437 \u043f\u043b\u043e\u0442\u0456 \u0442\u0430 \u043a\u0440\u043e\u0432\u0456 \u0432 \u0433\u0430\u043b\u0443\u0437\u0456 TSL<\/strong> \u2013 ponad 7 lat do\u015bwiadczenia, od asystenta po lidera zespo\u0142u.\n        <\/p>\n        \n        <p style=\"font-size: 18px; margin-bottom: 25px; line-height: 1.8;\">\n            Pracowa\u0142em jako <strong style=\"color: #0A2953;\">spedytor, dyspozytor, szkoleniowiec i koordynator operacyjny<\/strong>, dzi\u0119ki czemu pozna\u0142em ka\u017cdy etap procesu transportowego \u2013 zar\u00f3wno zza biurka, jak i \u201ew terenie\u201d. Mam solidne podstawy teoretyczne (Logistyka Mi\u0119dzynarodowa), ale najwi\u0119ksz\u0105 wag\u0119 przywi\u0105zuj\u0119 do praktyki i rozwi\u0105za\u0144, kt\u00f3re naprawd\u0119 dzia\u0142aj\u0105 w codziennej pracy.\n        <\/p>\n        \n        <p style=\"font-size: 18px; margin-bottom: 0; line-height: 1.8;\">\n            <strong style=\"color: #0A2953;\">Moje cele?<\/strong> Przekaza\u0107 pasj\u0119 do transportu w\u015br\u00f3d pocz\u0105tkuj\u0105cych i wsp\u00f3lnie rozwija\u0107 bran\u017c\u0119 w ca\u0142ej Europie. Ucz\u0119 anga\u017cuj\u0105co, konkretnie, na przyk\u0142adach z \u017cycia. Bo wierz\u0119, \u017ce dobry start to nie przypadek \u2013 to efekt m\u0105drego przygotowania. A ja jestem tu po to, \u017ceby Ci w tym pom\u00f3c.\n        <\/p>\n    <\/div>\n\n    <!-- Przycisk -->\n    <div class=\"trainer-footer\" style=\"text-align: center;\">\n        <a href=\"#\" class=\"elementor-button\" style=\"display: inline-block; padding: 16px 40px; background-color: #0A2953; color: white; text-decoration: none; border-radius: 20px; font-weight: 600; font-size: 18px; transition: all 0.3s ease; letter-spacing: 0.5px; box-shadow: 0 5px 15px rgba(10,41,83,0.3);\">Zobacz szkolenia prowadzone przez tego trenera<\/a>\n    <\/div>\n\n<\/div>\t\t\t\t<\/div>\n\t\t\t\t<\/div>\n\t\t\t\t\t<\/div>\n\t\t\t\t<\/div>\n\t\t\t\t<\/div>","protected":false},"excerpt":{"rendered":"<p>Dariusz Otoka Rekruter Praktyk z krwi i ko\u015bci w bran\u017cy TSL \u2013 ponad 7 lat do\u015bwiadczenia, od asystenta po lidera zespo\u0142u. Pracowa\u0142em jako spedytor, dyspozytor, szkoleniowiec i koordynator operacyjny, dzi\u0119ki czemu pozna\u0142em ka\u017cdy etap procesu transportowego \u2013 zar\u00f3wno zza biurka, jak i \u201ew terenie\u201d. Mam solidne podstawy teoretyczne (Logistyka Mi\u0119dzynarodowa), ale najwi\u0119ksz\u0105 wag\u0119 przywi\u0105zuj\u0119 do [&hellip;]<\/p>","protected":false},"author":1,"featured_media":0,"parent":0,"menu_order":0,"comment_status":"closed","ping_status":"closed","template":"","meta":{"footnotes":""},"class_list":["post-1427","page","type-page","status-publish","hentry"],"yoast_head":"<!-- This site is optimized with the Yoast SEO plugin v26.4 - https:\/\/yoast.com\/wordpress\/plugins\/seo\/ -->\n<title>Trener Dariusz - Spedytor w ruchu<\/title>\n<meta name=\"robots\" content=\"index, follow, max-snippet:-1, max-image-preview:large, max-video-preview:-1\" \/>\n<link rel=\"canonical\" href=\"https:\/\/spedytorwruchu.pl\/ua\/trener-dariusz\/\" \/>\n<meta property=\"og:locale\" content=\"uk_UA\" \/>\n<meta property=\"og:type\" content=\"article\" \/>\n<meta property=\"og:title\" content=\"Trener Dariusz - Spedytor w ruchu\" \/>\n<meta property=\"og:description\" content=\"Dariusz Otoka Rekruter Praktyk z krwi i ko\u015bci w bran\u017cy TSL \u2013 ponad 7 lat do\u015bwiadczenia, od asystenta po lidera zespo\u0142u. Pracowa\u0142em jako spedytor, dyspozytor, szkoleniowiec i koordynator operacyjny, dzi\u0119ki czemu pozna\u0142em ka\u017cdy etap procesu transportowego \u2013 zar\u00f3wno zza biurka, jak i \u201ew terenie\u201d. Mam solidne podstawy teoretyczne (Logistyka Mi\u0119dzynarodowa), ale najwi\u0119ksz\u0105 wag\u0119 przywi\u0105zuj\u0119 do [&hellip;]\" \/>\n<meta property=\"og:url\" content=\"https:\/\/spedytorwruchu.pl\/ua\/trener-dariusz\/\" \/>\n<meta property=\"og:site_name\" content=\"Spedytor w ruchu\" \/>\n<meta property=\"article:modified_time\" content=\"2025-11-17T20:11:16+00:00\" \/>\n<meta property=\"og:image\" content=\"https:\/\/spedytorwruchu.pl\/wp-content\/uploads\/2025\/04\/Darek.jpeg\" \/>\n<meta name=\"twitter:card\" content=\"summary_large_image\" \/>\n<meta name=\"twitter:label1\" content=\"\u041f\u0440\u0438\u0431\u043b. \u0447\u0430\u0441 \u0447\u0438\u0442\u0430\u043d\u043d\u044f\" \/>\n\t<meta name=\"twitter:data1\" content=\"1 \u0445\u0432\u0438\u043b\u0438\u043d\u0430\" \/>\n<script type=\"application\/ld+json\" class=\"yoast-schema-graph\">{\"@context\":\"https:\/\/schema.org\",\"@graph\":[{\"@type\":\"WebPage\",\"@id\":\"https:\/\/spedytorwruchu.pl\/trener-dariusz\/\",\"url\":\"https:\/\/spedytorwruchu.pl\/trener-dariusz\/\",\"name\":\"Trener Dariusz - Spedytor w ruchu\",\"isPartOf\":{\"@id\":\"https:\/\/spedytorwruchu.pl\/#website\"},\"primaryImageOfPage\":{\"@id\":\"https:\/\/spedytorwruchu.pl\/trener-dariusz\/#primaryimage\"},\"image\":{\"@id\":\"https:\/\/spedytorwruchu.pl\/trener-dariusz\/#primaryimage\"},\"thumbnailUrl\":\"https:\/\/spedytorwruchu.pl\/wp-content\/uploads\/2025\/04\/Darek.jpeg\",\"datePublished\":\"2025-04-29T22:04:01+00:00\",\"dateModified\":\"2025-11-17T20:11:16+00:00\",\"breadcrumb\":{\"@id\":\"https:\/\/spedytorwruchu.pl\/trener-dariusz\/#breadcrumb\"},\"inLanguage\":\"uk\",\"potentialAction\":[{\"@type\":\"ReadAction\",\"target\":[\"https:\/\/spedytorwruchu.pl\/trener-dariusz\/\"]}]},{\"@type\":\"ImageObject\",\"inLanguage\":\"uk\",\"@id\":\"https:\/\/spedytorwruchu.pl\/trener-dariusz\/#primaryimage\",\"url\":\"https:\/\/spedytorwruchu.pl\/wp-content\/uploads\/2025\/04\/Darek.jpeg\",\"contentUrl\":\"https:\/\/spedytorwruchu.pl\/wp-content\/uploads\/2025\/04\/Darek.jpeg\"},{\"@type\":\"BreadcrumbList\",\"@id\":\"https:\/\/spedytorwruchu.pl\/trener-dariusz\/#breadcrumb\",\"itemListElement\":[{\"@type\":\"ListItem\",\"position\":1,\"name\":\"Strona g\u0142\u00f3wna\",\"item\":\"https:\/\/spedytorwruchu.pl\/\"},{\"@type\":\"ListItem\",\"position\":2,\"name\":\"Trener Dariusz\"}]},{\"@type\":\"WebSite\",\"@id\":\"https:\/\/spedytorwruchu.pl\/#website\",\"url\":\"https:\/\/spedytorwruchu.pl\/\",\"name\":\"Spedytor w ruchu\",\"description\":\"\",\"publisher\":{\"@id\":\"https:\/\/spedytorwruchu.pl\/#organization\"},\"potentialAction\":[{\"@type\":\"SearchAction\",\"target\":{\"@type\":\"EntryPoint\",\"urlTemplate\":\"https:\/\/spedytorwruchu.pl\/?s={search_term_string}\"},\"query-input\":{\"@type\":\"PropertyValueSpecification\",\"valueRequired\":true,\"valueName\":\"search_term_string\"}}],\"inLanguage\":\"uk\"},{\"@type\":\"Organization\",\"@id\":\"https:\/\/spedytorwruchu.pl\/#organization\",\"name\":\"Spedytor w ruchu\",\"url\":\"https:\/\/spedytorwruchu.pl\/\",\"logo\":{\"@type\":\"ImageObject\",\"inLanguage\":\"uk\",\"@id\":\"https:\/\/spedytorwruchu.pl\/#\/schema\/logo\/image\/\",\"url\":\"https:\/\/spedytorwruchu.pl\/wp-content\/uploads\/2025\/04\/logo-pn-1.png\",\"contentUrl\":\"https:\/\/spedytorwruchu.pl\/wp-content\/uploads\/2025\/04\/logo-pn-1.png\",\"width\":1280,\"height\":1280,\"caption\":\"Spedytor w ruchu\"},\"image\":{\"@id\":\"https:\/\/spedytorwruchu.pl\/#\/schema\/logo\/image\/\"}}]}<\/script>\n<!-- \/ Yoast SEO plugin. -->","yoast_head_json":{"title":"Trener Dariusz - Spedytor w ruchu","robots":{"index":"index","follow":"follow","max-snippet":"max-snippet:-1","max-image-preview":"max-image-preview:large","max-video-preview":"max-video-preview:-1"},"canonical":"https:\/\/spedytorwruchu.pl\/ua\/trener-dariusz\/","og_locale":"uk_UA","og_type":"article","og_title":"Trener Dariusz - Spedytor w ruchu","og_description":"Dariusz Otoka Rekruter Praktyk z krwi i ko\u015bci w bran\u017cy TSL \u2013 ponad 7 lat do\u015bwiadczenia, od asystenta po lidera zespo\u0142u. Pracowa\u0142em jako spedytor, dyspozytor, szkoleniowiec i koordynator operacyjny, dzi\u0119ki czemu pozna\u0142em ka\u017cdy etap procesu transportowego \u2013 zar\u00f3wno zza biurka, jak i \u201ew terenie\u201d. Mam solidne podstawy teoretyczne (Logistyka Mi\u0119dzynarodowa), ale najwi\u0119ksz\u0105 wag\u0119 przywi\u0105zuj\u0119 do [&hellip;]","og_url":"https:\/\/spedytorwruchu.pl\/ua\/trener-dariusz\/","og_site_name":"Spedytor w ruchu","article_modified_time":"2025-11-17T20:11:16+00:00","og_image":[{"url":"https:\/\/spedytorwruchu.pl\/wp-content\/uploads\/2025\/04\/Darek.jpeg","type":"","width":"","height":""}],"twitter_card":"summary_large_image","twitter_misc":{"\u041f\u0440\u0438\u0431\u043b. \u0447\u0430\u0441 \u0447\u0438\u0442\u0430\u043d\u043d\u044f":"1 \u0445\u0432\u0438\u043b\u0438\u043d\u0430"},"schema":{"@context":"https:\/\/schema.org","@graph":[{"@type":"WebPage","@id":"https:\/\/spedytorwruchu.pl\/trener-dariusz\/","url":"https:\/\/spedytorwruchu.pl\/trener-dariusz\/","name":"Trener Dariusz - Spedytor w ruchu","isPartOf":{"@id":"https:\/\/spedytorwruchu.pl\/#website"},"primaryImageOfPage":{"@id":"https:\/\/spedytorwruchu.pl\/trener-dariusz\/#primaryimage"},"image":{"@id":"https:\/\/spedytorwruchu.pl\/trener-dariusz\/#primaryimage"},"thumbnailUrl":"https:\/\/spedytorwruchu.pl\/wp-content\/uploads\/2025\/04\/Darek.jpeg","datePublished":"2025-04-29T22:04:01+00:00","dateModified":"2025-11-17T20:11:16+00:00","breadcrumb":{"@id":"https:\/\/spedytorwruchu.pl\/trener-dariusz\/#breadcrumb"},"inLanguage":"uk","potentialAction":[{"@type":"ReadAction","target":["https:\/\/spedytorwruchu.pl\/trener-dariusz\/"]}]},{"@type":"ImageObject","inLanguage":"uk","@id":"https:\/\/spedytorwruchu.pl\/trener-dariusz\/#primaryimage","url":"https:\/\/spedytorwruchu.pl\/wp-content\/uploads\/2025\/04\/Darek.jpeg","contentUrl":"https:\/\/spedytorwruchu.pl\/wp-content\/uploads\/2025\/04\/Darek.jpeg"},{"@type":"BreadcrumbList","@id":"https:\/\/spedytorwruchu.pl\/trener-dariusz\/#breadcrumb","itemListElement":[{"@type":"ListItem","position":1,"name":"Strona g\u0142\u00f3wna","item":"https:\/\/spedytorwruchu.pl\/"},{"@type":"ListItem","position":2,"name":"Trener Dariusz"}]},{"@type":"WebSite","@id":"https:\/\/spedytorwruchu.pl\/#website","url":"https:\/\/spedytorwruchu.pl\/","name":"Spedytor w ruchu","description":"","publisher":{"@id":"https:\/\/spedytorwruchu.pl\/#organization"},"potentialAction":[{"@type":"SearchAction","target":{"@type":"EntryPoint","urlTemplate":"https:\/\/spedytorwruchu.pl\/?s={search_term_string}"},"query-input":{"@type":"PropertyValueSpecification","valueRequired":true,"valueName":"search_term_string"}}],"inLanguage":"uk"},{"@type":"Organization","@id":"https:\/\/spedytorwruchu.pl\/#organization","name":"Spedytor w ruchu","url":"https:\/\/spedytorwruchu.pl\/","logo":{"@type":"ImageObject","inLanguage":"uk","@id":"https:\/\/spedytorwruchu.pl\/#\/schema\/logo\/image\/","url":"https:\/\/spedytorwruchu.pl\/wp-content\/uploads\/2025\/04\/logo-pn-1.png","contentUrl":"https:\/\/spedytorwruchu.pl\/wp-content\/uploads\/2025\/04\/logo-pn-1.png","width":1280,"height":1280,"caption":"Spedytor w ruchu"},"image":{"@id":"https:\/\/spedytorwruchu.pl\/#\/schema\/logo\/image\/"}}]}},"_links":{"self":[{"href":"https:\/\/spedytorwruchu.pl\/ua\/wp-json\/wp\/v2\/pages\/1427","targetHints":{"allow":["GET"]}}],"collection":[{"href":"https:\/\/spedytorwruchu.pl\/ua\/wp-json\/wp\/v2\/pages"}],"about":[{"href":"https:\/\/spedytorwruchu.pl\/ua\/wp-json\/wp\/v2\/types\/page"}],"author":[{"embeddable":true,"href":"https:\/\/spedytorwruchu.pl\/ua\/wp-json\/wp\/v2\/users\/1"}],"replies":[{"embeddable":true,"href":"https:\/\/spedytorwruchu.pl\/ua\/wp-json\/wp\/v2\/comments?post=1427"}],"version-history":[{"count":7,"href":"https:\/\/spedytorwruchu.pl\/ua\/wp-json\/wp\/v2\/pages\/1427\/revisions"}],"predecessor-version":[{"id":2294,"href":"https:\/\/spedytorwruchu.pl\/ua\/wp-json\/wp\/v2\/pages\/1427\/revisions\/2294"}],"wp:attachment":[{"href":"https:\/\/spedytorwruchu.pl\/ua\/wp-json\/wp\/v2\/media?parent=1427"}],"curies":[{"name":"wp","href":"https:\/\/api.w.org\/{rel}","templated":true}]}}